{"id":11389,"date":"2024-09-19T15:06:03","date_gmt":"2024-09-19T15:06:03","guid":{"rendered":"https:\/\/eletrobrasinnovationgrid.com\/?page_id=11389"},"modified":"2025-12-11T16:49:34","modified_gmt":"2025-12-11T16:49:34","slug":"tech-partnerships-evolucao-do-processo-de-gerenciamento-integrado-de-documentos-de-manobras-e-normativos-da-operacao-da-eletrobras","status":"publish","type":"page","link":"https:\/\/eletrobrasinnovationgrid.com\/en\/tech-partnerships-evolucao-do-processo-de-gerenciamento-integrado-de-documentos-de-manobras-e-normativos-da-operacao-da-eletrobras\/","title":{"rendered":"Tech Partnerships &#8211; Evolu\u00e7\u00e3o do Processo de Gerenciamento Integrado de Documentos de Manobras e Normativos da Opera\u00e7\u00e3o da Eletrobras"},"content":{"rendered":"\t\t<div data-elementor-type=\"wp-page\" data-elementor-id=\"11389\" class=\"elementor elementor-11389\">\n\t\t\t\t\t\t<section class=\"elementor-section elementor-top-section elementor-element elementor-element-7d517b77 elementor-section-height-min-height ops-section she-header-yes elementor-hidden-desktop elementor-hidden-tablet elementor-hidden-mobile elementor-section-boxed elementor-section-height-default elementor-section-items-middle wpr-particle-no wpr-jarallax-no wpr-parallax-no wpr-sticky-section-no wpr-equal-height-no\" data-id=\"7d517b77\" data-element_type=\"section\" data-e-type=\"section\" data-settings=\"{&quot;background_background&quot;:&quot;classic&quot;,&quot;ekit_has_onepagescroll&quot;:&quot;section&quot;,&quot;transparent&quot;:&quot;yes&quot;,&quot;transparent_on&quot;:[&quot;desktop&quot;,&quot;tablet&quot;,&quot;mobile&quot;],&quot;scroll_distance&quot;:{&quot;unit&quot;:&quot;px&quot;,&quot;size&quot;:60,&quot;sizes&quot;:[]},&quot;scroll_distance_tablet&quot;:{&quot;unit&quot;:&quot;px&quot;,&quot;size&quot;:&quot;&quot;,&quot;sizes&quot;:[]},&quot;scroll_distance_mobile&quot;:{&quot;unit&quot;:&quot;px&quot;,&quot;size&quot;:&quot;&quot;,&quot;sizes&quot;:[]},&quot;she_offset_top&quot;:{&quot;unit&quot;:&quot;px&quot;,&quot;size&quot;:0,&quot;sizes&quot;:[]},&quot;she_offset_top_tablet&quot;:{&quot;unit&quot;:&quot;px&quot;,&quot;size&quot;:&quot;&quot;,&quot;sizes&quot;:[]},&quot;she_offset_top_mobile&quot;:{&quot;unit&quot;:&quot;px&quot;,&quot;size&quot;:&quot;&quot;,&quot;sizes&quot;:[]},&quot;she_width&quot;:{&quot;unit&quot;:&quot;%&quot;,&quot;size&quot;:100,&quot;sizes&quot;:[]},&quot;she_width_tablet&quot;:{&quot;unit&quot;:&quot;px&quot;,&quot;size&quot;:&quot;&quot;,&quot;sizes&quot;:[]},&quot;she_width_mobile&quot;:{&quot;unit&quot;:&quot;px&quot;,&quot;size&quot;:&quot;&quot;,&quot;sizes&quot;:[]},&quot;she_padding&quot;:{&quot;unit&quot;:&quot;px&quot;,&quot;top&quot;:0,&quot;right&quot;:&quot;&quot;,&quot;bottom&quot;:0,&quot;left&quot;:&quot;&quot;,&quot;isLinked&quot;:true},&quot;she_padding_tablet&quot;:{&quot;unit&quot;:&quot;px&quot;,&quot;top&quot;:&quot;&quot;,&quot;right&quot;:&quot;&quot;,&quot;bottom&quot;:&quot;&quot;,&quot;left&quot;:&quot;&quot;,&quot;isLinked&quot;:true},&quot;she_padding_mobile&quot;:{&quot;unit&quot;:&quot;px&quot;,&quot;top&quot;:&quot;&quot;,&quot;right&quot;:&quot;&quot;,&quot;bottom&quot;:&quot;&quot;,&quot;left&quot;:&quot;&quot;,&quot;isLinked&quot;:true}}\">\n\t\t\t\t\t\t<div class=\"elementor-container elementor-column-gap-default\">\n\t\t\t\t\t<div class=\"elementor-column elementor-col-100 elementor-top-column elementor-element elementor-element-7b45cb61\" data-id=\"7b45cb61\" data-element_type=\"column\" data-e-type=\"column\">\n\t\t\t<div class=\"elementor-widget-wrap elementor-element-populated\">\n\t\t\t\t\t\t<div class=\"elementor-element elementor-element-4e55a252 elementor-widget elementor-widget-ekit-nav-menu\" data-id=\"4e55a252\" data-element_type=\"widget\" data-e-type=\"widget\" data-widget_type=\"ekit-nav-menu.default\">\n\t\t\t\t<div class=\"elementor-widget-container\">\n\t\t\t\t\t\t\t<nav class=\"ekit-wid-con ekit_menu_responsive_tablet\"\n\t\t\tdata-hamburger-icon=\"\"\n\t\t\tdata-hamburger-icon-type=\"icon\"\n\t\t\tdata-responsive-breakpoint=\"1024\">\n\t\t\t            <button class=\"elementskit-menu-hamburger elementskit-menu-toggler\"  type=\"button\" aria-label=\"hamburger-icon\">\n                                    <span class=\"elementskit-menu-hamburger-icon\"><\/span><span class=\"elementskit-menu-hamburger-icon\"><\/span><span class=\"elementskit-menu-hamburger-icon\"><\/span>\n                            <\/button>\n            <div id=\"ekit-megamenu-powerup\" class=\"elementskit-menu-container elementskit-menu-offcanvas-elements elementskit-navbar-nav-default ekit-nav-menu-one-page-no ekit-nav-dropdown-hover\"><ul id=\"menu-powerup\" class=\"elementskit-navbar-nav elementskit-menu-po-center submenu-click-on-icon\"><li id=\"menu-item-9004\" class=\"menu-item menu-item-type-custom menu-item-object-custom menu-item-9004 nav-item elementskit-mobile-builder-content\" data-vertical-menu=750px><a href=\"https:\/\/eletrobrasinnovationgrid.com\/powerup\/#programa\" class=\"ekit-menu-nav-link\">Programa<\/a><\/li>\n<li id=\"menu-item-9005\" class=\"menu-item menu-item-type-custom menu-item-object-custom menu-item-9005 nav-item elementskit-mobile-builder-content\" data-vertical-menu=750px><a href=\"https:\/\/eletrobrasinnovationgrid.com\/powerup\/#desafios\" class=\"ekit-menu-nav-link\">Desafios<\/a><\/li>\n<li id=\"menu-item-9006\" class=\"menu-item menu-item-type-custom menu-item-object-custom menu-item-9006 nav-item elementskit-mobile-builder-content\" data-vertical-menu=750px><a href=\"https:\/\/eletrobrasinnovationgrid.com\/powerup\/#cronograma\" class=\"ekit-menu-nav-link\">Cronograma<\/a><\/li>\n<li id=\"menu-item-9007\" class=\"menu-item menu-item-type-custom menu-item-object-custom menu-item-9007 nav-item elementskit-mobile-builder-content\" data-vertical-menu=750px><a href=\"https:\/\/eletrobrasinnovationgrid.com\/powerup\/#participar\" class=\"ekit-menu-nav-link\">Por que participar<\/a><\/li>\n<li id=\"menu-item-9008\" class=\"menu-item menu-item-type-custom menu-item-object-custom menu-item-9008 nav-item elementskit-mobile-builder-content\" data-vertical-menu=750px><a href=\"https:\/\/eletrobrasinnovationgrid.com\/powerup\/#faq\" class=\"ekit-menu-nav-link\">F.A.Q.<\/a><\/li>\n<li id=\"menu-item-9009\" class=\"menu-item menu-item-type-custom menu-item-object-custom menu-item-9009 nav-item elementskit-mobile-builder-content\" data-vertical-menu=750px><a href=\"https:\/\/eletrobrasinnovationgrid.com\/powerup\/#sobre\" class=\"ekit-menu-nav-link\">Sobre<\/a><\/li>\n<li id=\"menu-item-9010\" class=\"menu-item menu-item-type-custom menu-item-object-custom menu-item-9010 nav-item elementskit-mobile-builder-content\" data-vertical-menu=750px><a href=\"https:\/\/eletrobrasinnovationgrid.com\/\" class=\"ekit-menu-nav-link\">Innovation Grid<\/a><\/li>\n<\/ul><div class=\"elementskit-nav-identity-panel\"><button class=\"elementskit-menu-close elementskit-menu-toggler\" type=\"button\">X<\/button><\/div><\/div>\n\t\t\t<div class=\"elementskit-menu-overlay elementskit-menu-offcanvas-elements elementskit-menu-toggler ekit-nav-menu--overlay\"><\/div>        <\/nav>\n\t\t\t\t\t\t<\/div>\n\t\t\t\t<\/div>\n\t\t\t\t\t<\/div>\n\t\t<\/div>\n\t\t\t\t\t<\/div>\n\t\t<\/section>\n\t\t\t\t<section class=\"elementor-section elementor-top-section elementor-element elementor-element-56418444 elementor-section-height-min-height elementor-section-boxed elementor-section-height-default elementor-section-items-middle wpr-particle-no wpr-jarallax-no wpr-parallax-no wpr-sticky-section-no wpr-equal-height-no\" data-id=\"56418444\" data-element_type=\"section\" data-e-type=\"section\" data-settings=\"{&quot;background_background&quot;:&quot;classic&quot;,&quot;shape_divider_bottom&quot;:&quot;waves&quot;}\">\n\t\t\t\t\t\t\t<div class=\"elementor-background-overlay\"><\/div>\n\t\t\t\t\t\t<div class=\"elementor-shape elementor-shape-bottom\" aria-hidden=\"true\" data-negative=\"false\">\n\t\t\t<svg xmlns=\"http:\/\/www.w3.org\/2000\/svg\" viewBox=\"0 0 1000 100\" preserveAspectRatio=\"none\">\n\t<path class=\"elementor-shape-fill\" d=\"M421.9,6.5c22.6-2.5,51.5,0.4,75.5,5.3c23.6,4.9,70.9,23.5,100.5,35.7c75.8,32.2,133.7,44.5,192.6,49.7\n\tc23.6,2.1,48.7,3.5,103.4-2.5c54.7-6,106.2-25.6,106.2-25.6V0H0v30.3c0,0,72,32.6,158.4,30.5c39.2-0.7,92.8-6.7,134-22.4\n\tc21.2-8.1,52.2-18.2,79.7-24.2C399.3,7.9,411.6,7.5,421.9,6.5z\"\/>\n<\/svg>\t\t<\/div>\n\t\t\t\t\t<div class=\"elementor-container elementor-column-gap-default\">\n\t\t\t\t\t<div class=\"elementor-column elementor-col-100 elementor-top-column elementor-element elementor-element-18bb39d7\" data-id=\"18bb39d7\" data-element_type=\"column\" data-e-type=\"column\">\n\t\t\t<div class=\"elementor-widget-wrap elementor-element-populated\">\n\t\t\t\t\t\t<section class=\"elementor-section elementor-inner-section elementor-element elementor-element-4eba4c4d elementor-section-boxed elementor-section-height-default elementor-section-height-default wpr-particle-no wpr-jarallax-no wpr-parallax-no wpr-sticky-section-no wpr-equal-height-no\" data-id=\"4eba4c4d\" data-element_type=\"section\" data-e-type=\"section\">\n\t\t\t\t\t\t<div class=\"elementor-container elementor-column-gap-default\">\n\t\t\t\t\t<div class=\"elementor-column elementor-col-100 elementor-inner-column elementor-element elementor-element-764db9e7\" data-id=\"764db9e7\" data-element_type=\"column\" data-e-type=\"column\">\n\t\t\t<div class=\"elementor-widget-wrap elementor-element-populated\">\n\t\t\t\t\t\t<div class=\"elementor-element elementor-element-4606eae0 elementor-widget elementor-widget-heading\" data-id=\"4606eae0\" data-element_type=\"widget\" data-e-type=\"widget\" data-widget_type=\"heading.default\">\n\t\t\t\t<div class=\"elementor-widget-container\">\n\t\t\t\t\t<h2 class=\"elementor-heading-title elementor-size-default\">Evolu\u00e7\u00e3o do Processo de Gerenciamento Integrado de Documentos de Manobras e Normativos da Opera\u00e7\u00e3o<\/h2>\t\t\t\t<\/div>\n\t\t\t\t<\/div>\n\t\t\t\t\t<\/div>\n\t\t<\/div>\n\t\t\t\t\t<\/div>\n\t\t<\/section>\n\t\t\t\t<section class=\"elementor-section elementor-inner-section elementor-element elementor-element-a2952b8 elementor-section-boxed elementor-section-height-default elementor-section-height-default wpr-particle-no wpr-jarallax-no wpr-parallax-no wpr-sticky-section-no wpr-equal-height-no\" data-id=\"a2952b8\" data-element_type=\"section\" data-e-type=\"section\">\n\t\t\t\t\t\t<div class=\"elementor-container elementor-column-gap-default\">\n\t\t\t\t\t<div class=\"elementor-column elementor-col-100 elementor-inner-column elementor-element elementor-element-c1a7bd0\" data-id=\"c1a7bd0\" data-element_type=\"column\" data-e-type=\"column\">\n\t\t\t<div class=\"elementor-widget-wrap elementor-element-populated\">\n\t\t\t\t\t\t<div class=\"elementor-element elementor-element-748b919d elementor-align-center elementor-widget elementor-widget-button\" data-id=\"748b919d\" data-element_type=\"widget\" data-e-type=\"widget\" data-widget_type=\"button.default\">\n\t\t\t\t<div class=\"elementor-widget-container\">\n\t\t\t\t\t\t\t\t\t<div class=\"elementor-button-wrapper\">\n\t\t\t\t\t<a class=\"elementor-button elementor-button-link elementor-size-sm elementor-animation-grow\" href=\"#desafioaberto\" target=\"_blank\">\n\t\t\t\t\t\t<span class=\"elementor-button-content-wrapper\">\n\t\t\t\t\t\t<span class=\"elementor-button-icon\">\n\t\t\t\t<i aria-hidden=\"true\" class=\"icon icon-download-arrow\"><\/i>\t\t\t<\/span>\n\t\t\t\t\t\t\t\t\t<span class=\"elementor-button-text\">Saiba mais sobre o desafio<\/span>\n\t\t\t\t\t<\/span>\n\t\t\t\t\t<\/a>\n\t\t\t\t<\/div>\n\t\t\t\t\t\t\t\t<\/div>\n\t\t\t\t<\/div>\n\t\t\t\t\t<\/div>\n\t\t<\/div>\n\t\t\t\t\t<\/div>\n\t\t<\/section>\n\t\t\t\t\t<\/div>\n\t\t<\/div>\n\t\t\t\t\t<\/div>\n\t\t<\/section>\n\t\t\t\t<section class=\"elementor-section elementor-top-section elementor-element elementor-element-a408bbc elementor-section-boxed elementor-section-height-default elementor-section-height-default wpr-particle-no wpr-jarallax-no wpr-parallax-no wpr-sticky-section-no wpr-equal-height-no\" data-id=\"a408bbc\" data-element_type=\"section\" data-e-type=\"section\">\n\t\t\t\t\t\t<div class=\"elementor-container elementor-column-gap-default\">\n\t\t\t\t\t<div class=\"elementor-column elementor-col-100 elementor-top-column elementor-element elementor-element-f1c4433\" data-id=\"f1c4433\" data-element_type=\"column\" data-e-type=\"column\">\n\t\t\t<div class=\"elementor-widget-wrap elementor-element-populated\">\n\t\t\t\t\t\t<div class=\"elementor-element elementor-element-68e1a6a elementor-widget elementor-widget-text-editor\" data-id=\"68e1a6a\" data-element_type=\"widget\" data-e-type=\"widget\" data-widget_type=\"text-editor.default\">\n\t\t\t\t<div class=\"elementor-widget-container\">\n\t\t\t\t\t\t\t\t\t<a style=\"color: #0072c6; text-decoration: none;\" href=\"https:\/\/eletrobrasinnovationgrid.com\/\">Home<\/a> &gt; <a style=\"color: #0072c6; text-decoration: none;\" href=\"https:\/\/eletrobrasinnovationgrid.com\/tech-partnerships\/\">Tech Partnerships<\/a> &gt; <b>Desafio em andamento<\/b>\t\t\t\t\t\t\t\t<\/div>\n\t\t\t\t<\/div>\n\t\t\t\t<div class=\"elementor-element elementor-element-973ec81 elementor-widget elementor-widget-menu-anchor\" data-id=\"973ec81\" data-element_type=\"widget\" data-e-type=\"widget\" data-widget_type=\"menu-anchor.default\">\n\t\t\t\t<div class=\"elementor-widget-container\">\n\t\t\t\t\t\t\t<div class=\"elementor-menu-anchor\" id=\"desafioaberto\"><\/div>\n\t\t\t\t\t\t<\/div>\n\t\t\t\t<\/div>\n\t\t\t\t<section class=\"elementor-section elementor-inner-section elementor-element elementor-element-929da35 elementor-section-boxed elementor-section-height-default elementor-section-height-default wpr-particle-no wpr-jarallax-no wpr-parallax-no wpr-sticky-section-no wpr-equal-height-no\" data-id=\"929da35\" data-element_type=\"section\" data-e-type=\"section\" id=\"suporte-ao-usuario\">\n\t\t\t\t\t\t<div class=\"elementor-container elementor-column-gap-default\">\n\t\t\t\t\t<div class=\"elementor-column elementor-col-50 elementor-inner-column elementor-element elementor-element-342c2cd\" data-id=\"342c2cd\" data-element_type=\"column\" data-e-type=\"column\">\n\t\t\t<div class=\"elementor-widget-wrap elementor-element-populated\">\n\t\t\t\t\t\t<div class=\"elementor-element elementor-element-59581bf elementor-view-default elementor-widget elementor-widget-icon\" data-id=\"59581bf\" data-element_type=\"widget\" data-e-type=\"widget\" data-widget_type=\"icon.default\">\n\t\t\t\t<div class=\"elementor-widget-container\">\n\t\t\t\t\t\t\t<div class=\"elementor-icon-wrapper\">\n\t\t\t<div class=\"elementor-icon\">\n\t\t\t<i aria-hidden=\"true\" class=\"icon icon-line-chart\"><\/i>\t\t\t<\/div>\n\t\t<\/div>\n\t\t\t\t\t\t<\/div>\n\t\t\t\t<\/div>\n\t\t\t\t\t<\/div>\n\t\t<\/div>\n\t\t\t\t<div class=\"elementor-column elementor-col-50 elementor-inner-column elementor-element elementor-element-011bdcd\" data-id=\"011bdcd\" data-element_type=\"column\" data-e-type=\"column\">\n\t\t\t<div class=\"elementor-widget-wrap elementor-element-populated\">\n\t\t\t\t\t\t<div class=\"elementor-element elementor-element-fc5bcb4 elementor-widget elementor-widget-heading\" data-id=\"fc5bcb4\" data-element_type=\"widget\" data-e-type=\"widget\" data-widget_type=\"heading.default\">\n\t\t\t\t<div class=\"elementor-widget-container\">\n\t\t\t\t\t<h2 class=\"elementor-heading-title elementor-size-default\">Evolu\u00e7\u00e3o do Processo de Gerenciamento Integrado de Documentos de Manobras e Normativos da Opera\u00e7\u00e3o<\/h2>\t\t\t\t<\/div>\n\t\t\t\t<\/div>\n\t\t\t\t<div class=\"elementor-element elementor-element-b8f9ae8 elementor-widget elementor-widget-text-editor\" data-id=\"b8f9ae8\" data-element_type=\"widget\" data-e-type=\"widget\" data-widget_type=\"text-editor.default\">\n\t\t\t\t<div class=\"elementor-widget-container\">\n\t\t\t\t\t\t\t\t\t<b>Sponsor:<\/b> <a href=\"https:\/\/www.linkedin.com\/in\/lad%C3%A1rio-morais-1b3aaa41\/\" target=\"_blank\" rel=\"noopener\">Ladario Morais Casado<\/a>\n<br>\n<b>L\u00edder:<\/b> <a href=\"https:\/\/www.linkedin.com\/in\/giorgio-limeira\/\" target=\"_blank\" rel=\"noopener\">Giorgio Onofre Limeira<\/a>\t\t\t\t\t\t\t\t<\/div>\n\t\t\t\t<\/div>\n\t\t\t\t<div class=\"elementor-element elementor-element-d8228ac elementor-widget elementor-widget-heading\" data-id=\"d8228ac\" data-element_type=\"widget\" data-e-type=\"widget\" data-widget_type=\"heading.default\">\n\t\t\t\t<div class=\"elementor-widget-container\">\n\t\t\t\t\t<h4 class=\"elementor-heading-title elementor-size-default\">Evolu\u00e7\u00e3o, automatiza\u00e7\u00e3o e integra\u00e7\u00e3o das diversas etapas do processo de gest\u00e3o e \ncontrole de documenta\u00e7\u00e3o t\u00e9cnica de manobras e normativos de opera\u00e7\u00e3o da \nAXIA Energia de forma integrada ao ONS.<\/h4>\t\t\t\t<\/div>\n\t\t\t\t<\/div>\n\t\t\t\t<div class=\"elementor-element elementor-element-e9691fa elementor-widget elementor-widget-text-editor\" data-id=\"e9691fa\" data-element_type=\"widget\" data-e-type=\"widget\" data-widget_type=\"text-editor.default\">\n\t\t\t\t<div class=\"elementor-widget-container\">\n\t\t\t\t\t\t\t\t\t<p>Buscamos propostas para evolu\u00e7\u00e3o, automatiza\u00e7\u00e3o e integra\u00e7\u00e3o de informa\u00e7\u00f5es nas<br \/>diversas etapas do processo de gest\u00e3o de documenta\u00e7\u00e3o t\u00e9cnica que s\u00e3o utilizadas na<br \/>opera\u00e7\u00e3o do sistema el\u00e9trico, integrando estas documenta\u00e7\u00f5es com as do Operador<br \/>Nacional do Sistema (ONS). A AXIA Energia possui um processo interno em todas as<br \/>empresas de acompanhamento das atualiza\u00e7\u00f5es no portal do ONS, com o objetivo de<br \/>identificar as altera\u00e7\u00f5es nos normativos associados aos Procedimentos de Rede,<br \/>buscando o esse espelhamento da base desta documenta\u00e7\u00e3o em nossa empresa. Contudo<br \/>identificou-se a oportunidade de grandes melhorias nesse processo utilizando o avan\u00e7o<br \/>tecnol\u00f3gico, possibilitando maior efici\u00eancia no processo, redu\u00e7\u00e3o de equ\u00edvocos nas<br \/>a\u00e7\u00f5es operativas e de riscos de seguran\u00e7a operacional, minimizar os atrasos no<br \/>tratamento das ocorr\u00eancias e recomposi\u00e7\u00e3o das fun\u00e7\u00f5es de transmiss\u00f5es, que soma<br \/>positivamente na redu\u00e7\u00e3o de poss\u00edveis penalidades e descontos da<br \/>Receita Anual Permitida (RAP) pelo tempo de indisponibilidade dos ativos<br \/>considerando o desconto de Parcela Vari\u00e1vel (PV).<br \/><br \/><br \/><\/p><p><b>Obs:<\/b> Para envio da Proposta \u00e9 necess\u00e1rio preencher Formul\u00e1rio de Inscri\u00e7\u00e3o e o envio<br \/>das <b>Planilhas de Detalhamento<\/b> acessadas no link a seguir.<\/p>\t\t\t\t\t\t\t\t<\/div>\n\t\t\t\t<\/div>\n\t\t\t\t<div class=\"elementor-element elementor-element-f354c0b elementor-widget elementor-widget-text-editor\" data-id=\"f354c0b\" data-element_type=\"widget\" data-e-type=\"widget\" data-widget_type=\"text-editor.default\">\n\t\t\t\t<div class=\"elementor-widget-container\">\n\t\t\t\t\t\t\t\t\t<b style=\"color: #007bff; font-weight: 400;\">Automa\u00e7\u00e3o de Processos<\/b>\u00a0| <b style=\"color: #007bff; font-weight: 400;\">Machine Learning<\/b> | <b style=\"color: #007bff; font-weight: 400;\">Processamento de Linguagem Natural<\/b> | <b style=\"color: #007bff; font-weight: 400;\">Integra\u00e7\u00e3o de Dados<\/b> | <b style=\"color: #007bff; font-weight: 400;\">Data Analytics<\/b> | <b style=\"color: #007bff; font-weight: 400;\">RPA<\/b>\t\t\t\t\t\t\t\t<\/div>\n\t\t\t\t<\/div>\n\t\t\t\t<div class=\"elementor-element elementor-element-2480dd2 elementor-widget elementor-widget-text-editor\" data-id=\"2480dd2\" data-element_type=\"widget\" data-e-type=\"widget\" data-widget_type=\"text-editor.default\">\n\t\t\t\t<div class=\"elementor-widget-container\">\n\t\t\t\t\t\t\t\t\t<p><b>D\u00favidas:<\/b>\u00a0D\u00favidas ou informa\u00e7\u00f5es adicionais mande e-mail identificando no assunto o T\u00edtulo deste Desafio para\u00a0<a href=\"mailto:innovationgrid@eletrobras.com\" target=\"_blank\" rel=\"noopener\">innovationgrid@eletrobras.com<\/a><\/p>\t\t\t\t\t\t\t\t<\/div>\n\t\t\t\t<\/div>\n\t\t\t\t<div class=\"elementor-element elementor-element-8f672e8 elementor-align-left elementor-hidden-desktop elementor-hidden-tablet elementor-hidden-mobile elementor-widget elementor-widget-button\" data-id=\"8f672e8\" data-element_type=\"widget\" data-e-type=\"widget\" data-widget_type=\"button.default\">\n\t\t\t\t<div class=\"elementor-widget-container\">\n\t\t\t\t\t\t\t\t\t<div class=\"elementor-button-wrapper\">\n\t\t\t\t\t<a class=\"elementor-button elementor-button-link elementor-size-sm\" href=\"https:\/\/eletrobras.aevoinnovate.net\/startup-area\/#\/invite\/60f42c52-a282-4bfa-9443-0b7ffc24c88a\" target=\"_blank\">\n\t\t\t\t\t\t<span class=\"elementor-button-content-wrapper\">\n\t\t\t\t\t\t\t\t\t<span class=\"elementor-button-text\">Inscreva-se agora!<\/span>\n\t\t\t\t\t<\/span>\n\t\t\t\t\t<\/a>\n\t\t\t\t<\/div>\n\t\t\t\t\t\t\t\t<\/div>\n\t\t\t\t<\/div>\n\t\t\t\t<div class=\"elementor-element elementor-element-3ee84e4 elementor-align-left elementor-widget elementor-widget-button\" data-id=\"3ee84e4\" data-element_type=\"widget\" data-e-type=\"widget\" data-widget_type=\"button.default\">\n\t\t\t\t<div class=\"elementor-widget-container\">\n\t\t\t\t\t\t\t\t\t<div class=\"elementor-button-wrapper\">\n\t\t\t\t\t<a class=\"elementor-button elementor-size-sm\" role=\"button\">\n\t\t\t\t\t\t<span class=\"elementor-button-content-wrapper\">\n\t\t\t\t\t\t\t\t\t<span class=\"elementor-button-text\">Inscri\u00e7\u00f5es encerradas<\/span>\n\t\t\t\t\t<\/span>\n\t\t\t\t\t<\/a>\n\t\t\t\t<\/div>\n\t\t\t\t\t\t\t\t<\/div>\n\t\t\t\t<\/div>\n\t\t\t\t<div class=\"elementor-element elementor-element-e711965 elementor-hidden-desktop elementor-hidden-tablet elementor-hidden-mobile elementor-widget elementor-widget-text-editor\" data-id=\"e711965\" data-element_type=\"widget\" data-e-type=\"widget\" data-widget_type=\"text-editor.default\">\n\t\t\t\t<div class=\"elementor-widget-container\">\n\t\t\t\t\t\t\t\t\t<h3><strong>Etapas do programa<\/strong><\/h3>\t\t\t\t\t\t\t\t<\/div>\n\t\t\t\t<\/div>\n\t\t\t\t<div class=\"elementor-element elementor-element-282dcd3 elementor-hidden-desktop elementor-hidden-tablet elementor-hidden-mobile elementor-widget elementor-widget-image\" data-id=\"282dcd3\" data-element_type=\"widget\" data-e-type=\"widget\" data-widget_type=\"image.default\">\n\t\t\t\t<div class=\"elementor-widget-container\">\n\t\t\t\t\t\t\t\t\t\t\t\t\t\t\t<img fetchpriority=\"high\" decoding=\"async\" width=\"1024\" height=\"139\" src=\"https:\/\/eletrobrasinnovationgrid.com\/wp-content\/uploads\/2024\/04\/Frame-1-1024x139.png\" class=\"attachment-large size-large wp-image-10137\" alt=\"\" srcset=\"https:\/\/eletrobrasinnovationgrid.com\/wp-content\/uploads\/2024\/04\/Frame-1-1024x139.png 1024w, https:\/\/eletrobrasinnovationgrid.com\/wp-content\/uploads\/2024\/04\/Frame-1-300x41.png 300w, https:\/\/eletrobrasinnovationgrid.com\/wp-content\/uploads\/2024\/04\/Frame-1-768x104.png 768w, https:\/\/eletrobrasinnovationgrid.com\/wp-content\/uploads\/2024\/04\/Frame-1-18x2.png 18w, https:\/\/eletrobrasinnovationgrid.com\/wp-content\/uploads\/2024\/04\/Frame-1.png 1045w\" sizes=\"(max-width: 1024px) 100vw, 1024px\" \/>\t\t\t\t\t\t\t\t\t\t\t\t\t\t\t<\/div>\n\t\t\t\t<\/div>\n\t\t\t\t\t<\/div>\n\t\t<\/div>\n\t\t\t\t\t<\/div>\n\t\t<\/section>\n\t\t\t\t\t<\/div>\n\t\t<\/div>\n\t\t\t\t\t<\/div>\n\t\t<\/section>\n\t\t\t\t<\/div>\n\t\t","protected":false},"excerpt":{"rendered":"<p>Programa Desafios Cronograma Por que participar F.A.Q. Sobre Innovation Grid X Evolu\u00e7\u00e3o do Processo de Gerenciamento Integrado de Documentos de Manobras e Normativos da Opera\u00e7\u00e3o Saiba mais sobre o desafio Home &gt; Tech Partnerships &gt; Desafio em andamento Evolu\u00e7\u00e3o do Processo de Gerenciamento Integrado de Documentos de Manobras e Normativos da Opera\u00e7\u00e3o Sponsor: Ladario Morais Casado L\u00edder: Giorgio Onofre Limeira Evolu\u00e7\u00e3o, automatiza\u00e7\u00e3o e integra\u00e7\u00e3o das diversas etapas do processo de gest\u00e3o e controle de documenta\u00e7\u00e3o t\u00e9cnica de manobras e normativos de opera\u00e7\u00e3o da AXIA Energia de forma integrada ao ONS. Buscamos propostas para evolu\u00e7\u00e3o, automatiza\u00e7\u00e3o e integra\u00e7\u00e3o de informa\u00e7\u00f5es nasdiversas etapas do processo de gest\u00e3o de documenta\u00e7\u00e3o t\u00e9cnica que s\u00e3o utilizadas naopera\u00e7\u00e3o do sistema el\u00e9trico, integrando estas documenta\u00e7\u00f5es com as do OperadorNacional do Sistema (ONS). A AXIA Energia possui um processo interno em todas asempresas de acompanhamento das atualiza\u00e7\u00f5es no portal do ONS, com o objetivo deidentificar as altera\u00e7\u00f5es nos normativos associados aos Procedimentos de Rede,buscando o esse espelhamento da base desta documenta\u00e7\u00e3o em nossa empresa. Contudoidentificou-se a oportunidade de grandes melhorias nesse processo utilizando o avan\u00e7otecnol\u00f3gico, possibilitando maior efici\u00eancia no processo, redu\u00e7\u00e3o de equ\u00edvocos nasa\u00e7\u00f5es operativas e de riscos de seguran\u00e7a operacional, minimizar os atrasos notratamento das ocorr\u00eancias e recomposi\u00e7\u00e3o das fun\u00e7\u00f5es de transmiss\u00f5es, que somapositivamente na redu\u00e7\u00e3o de poss\u00edveis penalidades e descontos daReceita Anual Permitida (RAP) pelo tempo de indisponibilidade dos ativosconsiderando o desconto de Parcela Vari\u00e1vel (PV). Obs: Para envio da Proposta \u00e9 necess\u00e1rio preencher Formul\u00e1rio de Inscri\u00e7\u00e3o e o enviodas Planilhas de Detalhamento acessadas no link a seguir. Automa\u00e7\u00e3o de Processos\u00a0| Machine Learning | Processamento de Linguagem Natural | Integra\u00e7\u00e3o de Dados | Data Analytics | RPA D\u00favidas:\u00a0D\u00favidas ou informa\u00e7\u00f5es adicionais mande e-mail identificando no assunto o T\u00edtulo deste Desafio para\u00a0innovationgrid@eletrobras.com Inscreva-se agora! Inscri\u00e7\u00f5es encerradas Etapas do programa<\/p>","protected":false},"author":4,"featured_media":0,"parent":0,"menu_order":0,"comment_status":"closed","ping_status":"closed","template":"elementor_header_footer","meta":{"footnotes":""},"class_list":["post-11389","page","type-page","status-publish","hentry"],"jetpack_sharing_enabled":true,"_links":{"self":[{"href":"https:\/\/eletrobrasinnovationgrid.com\/en\/wp-json\/wp\/v2\/pages\/11389","targetHints":{"allow":["GET"]}}],"collection":[{"href":"https:\/\/eletrobrasinnovationgrid.com\/en\/wp-json\/wp\/v2\/pages"}],"about":[{"href":"https:\/\/eletrobrasinnovationgrid.com\/en\/wp-json\/wp\/v2\/types\/page"}],"author":[{"embeddable":true,"href":"https:\/\/eletrobrasinnovationgrid.com\/en\/wp-json\/wp\/v2\/users\/4"}],"replies":[{"embeddable":true,"href":"https:\/\/eletrobrasinnovationgrid.com\/en\/wp-json\/wp\/v2\/comments?post=11389"}],"version-history":[{"count":0,"href":"https:\/\/eletrobrasinnovationgrid.com\/en\/wp-json\/wp\/v2\/pages\/11389\/revisions"}],"wp:attachment":[{"href":"https:\/\/eletrobrasinnovationgrid.com\/en\/wp-json\/wp\/v2\/media?parent=11389"}],"curies":[{"name":"wp","href":"https:\/\/api.w.org\/{rel}","templated":true}]}}