{"id":11465,"date":"2024-10-09T14:30:47","date_gmt":"2024-10-09T14:30:47","guid":{"rendered":"https:\/\/eletrobrasinnovationgrid.com\/?page_id=11465"},"modified":"2025-12-11T16:46:17","modified_gmt":"2025-12-11T16:46:17","slug":"tech-partnerships-evolucao-do-processo-de-analise-de-riscos-de-contrapartes-eletrobras","status":"publish","type":"page","link":"https:\/\/eletrobrasinnovationgrid.com\/en\/tech-partnerships-evolucao-do-processo-de-analise-de-riscos-de-contrapartes-eletrobras\/","title":{"rendered":"Tech Partnerships &#8211; Evolu\u00e7\u00e3o do Processo de An\u00e1lise de Riscos de Contrapartes Eletrobras"},"content":{"rendered":"\t\t<div data-elementor-type=\"wp-page\" data-elementor-id=\"11465\" class=\"elementor elementor-11465\">\n\t\t\t\t\t\t<section class=\"elementor-section elementor-top-section elementor-element elementor-element-7d517b77 elementor-section-height-min-height ops-section she-header-yes elementor-hidden-desktop elementor-hidden-tablet elementor-hidden-mobile elementor-section-boxed elementor-section-height-default elementor-section-items-middle wpr-particle-no wpr-jarallax-no wpr-parallax-no wpr-sticky-section-no wpr-equal-height-no\" data-id=\"7d517b77\" data-element_type=\"section\" data-e-type=\"section\" data-settings=\"{&quot;background_background&quot;:&quot;classic&quot;,&quot;ekit_has_onepagescroll&quot;:&quot;section&quot;,&quot;transparent&quot;:&quot;yes&quot;,&quot;transparent_on&quot;:[&quot;desktop&quot;,&quot;tablet&quot;,&quot;mobile&quot;],&quot;scroll_distance&quot;:{&quot;unit&quot;:&quot;px&quot;,&quot;size&quot;:60,&quot;sizes&quot;:[]},&quot;scroll_distance_tablet&quot;:{&quot;unit&quot;:&quot;px&quot;,&quot;size&quot;:&quot;&quot;,&quot;sizes&quot;:[]},&quot;scroll_distance_mobile&quot;:{&quot;unit&quot;:&quot;px&quot;,&quot;size&quot;:&quot;&quot;,&quot;sizes&quot;:[]},&quot;she_offset_top&quot;:{&quot;unit&quot;:&quot;px&quot;,&quot;size&quot;:0,&quot;sizes&quot;:[]},&quot;she_offset_top_tablet&quot;:{&quot;unit&quot;:&quot;px&quot;,&quot;size&quot;:&quot;&quot;,&quot;sizes&quot;:[]},&quot;she_offset_top_mobile&quot;:{&quot;unit&quot;:&quot;px&quot;,&quot;size&quot;:&quot;&quot;,&quot;sizes&quot;:[]},&quot;she_width&quot;:{&quot;unit&quot;:&quot;%&quot;,&quot;size&quot;:100,&quot;sizes&quot;:[]},&quot;she_width_tablet&quot;:{&quot;unit&quot;:&quot;px&quot;,&quot;size&quot;:&quot;&quot;,&quot;sizes&quot;:[]},&quot;she_width_mobile&quot;:{&quot;unit&quot;:&quot;px&quot;,&quot;size&quot;:&quot;&quot;,&quot;sizes&quot;:[]},&quot;she_padding&quot;:{&quot;unit&quot;:&quot;px&quot;,&quot;top&quot;:0,&quot;right&quot;:&quot;&quot;,&quot;bottom&quot;:0,&quot;left&quot;:&quot;&quot;,&quot;isLinked&quot;:true},&quot;she_padding_tablet&quot;:{&quot;unit&quot;:&quot;px&quot;,&quot;top&quot;:&quot;&quot;,&quot;right&quot;:&quot;&quot;,&quot;bottom&quot;:&quot;&quot;,&quot;left&quot;:&quot;&quot;,&quot;isLinked&quot;:true},&quot;she_padding_mobile&quot;:{&quot;unit&quot;:&quot;px&quot;,&quot;top&quot;:&quot;&quot;,&quot;right&quot;:&quot;&quot;,&quot;bottom&quot;:&quot;&quot;,&quot;left&quot;:&quot;&quot;,&quot;isLinked&quot;:true}}\">\n\t\t\t\t\t\t<div class=\"elementor-container elementor-column-gap-default\">\n\t\t\t\t\t<div class=\"elementor-column elementor-col-100 elementor-top-column elementor-element elementor-element-7b45cb61\" data-id=\"7b45cb61\" data-element_type=\"column\" data-e-type=\"column\">\n\t\t\t<div class=\"elementor-widget-wrap elementor-element-populated\">\n\t\t\t\t\t\t<div class=\"elementor-element elementor-element-4e55a252 elementor-widget elementor-widget-ekit-nav-menu\" data-id=\"4e55a252\" data-element_type=\"widget\" data-e-type=\"widget\" data-widget_type=\"ekit-nav-menu.default\">\n\t\t\t\t<div class=\"elementor-widget-container\">\n\t\t\t\t\t\t\t<nav class=\"ekit-wid-con ekit_menu_responsive_tablet\"\n\t\t\tdata-hamburger-icon=\"\"\n\t\t\tdata-hamburger-icon-type=\"icon\"\n\t\t\tdata-responsive-breakpoint=\"1024\">\n\t\t\t            <button class=\"elementskit-menu-hamburger elementskit-menu-toggler\"  type=\"button\" aria-label=\"hamburger-icon\">\n                                    <span class=\"elementskit-menu-hamburger-icon\"><\/span><span class=\"elementskit-menu-hamburger-icon\"><\/span><span class=\"elementskit-menu-hamburger-icon\"><\/span>\n                            <\/button>\n            <div id=\"ekit-megamenu-powerup\" class=\"elementskit-menu-container elementskit-menu-offcanvas-elements elementskit-navbar-nav-default ekit-nav-menu-one-page-no ekit-nav-dropdown-hover\"><ul id=\"menu-powerup\" class=\"elementskit-navbar-nav elementskit-menu-po-center submenu-click-on-icon\"><li id=\"menu-item-9004\" class=\"menu-item menu-item-type-custom menu-item-object-custom menu-item-9004 nav-item elementskit-mobile-builder-content\" data-vertical-menu=750px><a href=\"https:\/\/eletrobrasinnovationgrid.com\/powerup\/#programa\" class=\"ekit-menu-nav-link\">Programa<\/a><\/li>\n<li id=\"menu-item-9005\" class=\"menu-item menu-item-type-custom menu-item-object-custom menu-item-9005 nav-item elementskit-mobile-builder-content\" data-vertical-menu=750px><a href=\"https:\/\/eletrobrasinnovationgrid.com\/powerup\/#desafios\" class=\"ekit-menu-nav-link\">Desafios<\/a><\/li>\n<li id=\"menu-item-9006\" class=\"menu-item menu-item-type-custom menu-item-object-custom menu-item-9006 nav-item elementskit-mobile-builder-content\" data-vertical-menu=750px><a href=\"https:\/\/eletrobrasinnovationgrid.com\/powerup\/#cronograma\" class=\"ekit-menu-nav-link\">Cronograma<\/a><\/li>\n<li id=\"menu-item-9007\" class=\"menu-item menu-item-type-custom menu-item-object-custom menu-item-9007 nav-item elementskit-mobile-builder-content\" data-vertical-menu=750px><a href=\"https:\/\/eletrobrasinnovationgrid.com\/powerup\/#participar\" class=\"ekit-menu-nav-link\">Por que participar<\/a><\/li>\n<li id=\"menu-item-9008\" class=\"menu-item menu-item-type-custom menu-item-object-custom menu-item-9008 nav-item elementskit-mobile-builder-content\" data-vertical-menu=750px><a href=\"https:\/\/eletrobrasinnovationgrid.com\/powerup\/#faq\" class=\"ekit-menu-nav-link\">F.A.Q.<\/a><\/li>\n<li id=\"menu-item-9009\" class=\"menu-item menu-item-type-custom menu-item-object-custom menu-item-9009 nav-item elementskit-mobile-builder-content\" data-vertical-menu=750px><a href=\"https:\/\/eletrobrasinnovationgrid.com\/powerup\/#sobre\" class=\"ekit-menu-nav-link\">Sobre<\/a><\/li>\n<li id=\"menu-item-9010\" class=\"menu-item menu-item-type-custom menu-item-object-custom menu-item-9010 nav-item elementskit-mobile-builder-content\" data-vertical-menu=750px><a href=\"https:\/\/eletrobrasinnovationgrid.com\/\" class=\"ekit-menu-nav-link\">Innovation Grid<\/a><\/li>\n<\/ul><div class=\"elementskit-nav-identity-panel\"><button class=\"elementskit-menu-close elementskit-menu-toggler\" type=\"button\">X<\/button><\/div><\/div>\n\t\t\t<div class=\"elementskit-menu-overlay elementskit-menu-offcanvas-elements elementskit-menu-toggler ekit-nav-menu--overlay\"><\/div>        <\/nav>\n\t\t\t\t\t\t<\/div>\n\t\t\t\t<\/div>\n\t\t\t\t\t<\/div>\n\t\t<\/div>\n\t\t\t\t\t<\/div>\n\t\t<\/section>\n\t\t\t\t<section class=\"elementor-section elementor-top-section elementor-element elementor-element-56418444 elementor-section-height-min-height elementor-section-boxed elementor-section-height-default elementor-section-items-middle wpr-particle-no wpr-jarallax-no wpr-parallax-no wpr-sticky-section-no wpr-equal-height-no\" data-id=\"56418444\" data-element_type=\"section\" data-e-type=\"section\" data-settings=\"{&quot;background_background&quot;:&quot;classic&quot;,&quot;shape_divider_bottom&quot;:&quot;waves&quot;}\">\n\t\t\t\t\t\t\t<div class=\"elementor-background-overlay\"><\/div>\n\t\t\t\t\t\t<div class=\"elementor-shape elementor-shape-bottom\" aria-hidden=\"true\" data-negative=\"false\">\n\t\t\t<svg xmlns=\"http:\/\/www.w3.org\/2000\/svg\" viewBox=\"0 0 1000 100\" preserveAspectRatio=\"none\">\n\t<path class=\"elementor-shape-fill\" d=\"M421.9,6.5c22.6-2.5,51.5,0.4,75.5,5.3c23.6,4.9,70.9,23.5,100.5,35.7c75.8,32.2,133.7,44.5,192.6,49.7\n\tc23.6,2.1,48.7,3.5,103.4-2.5c54.7-6,106.2-25.6,106.2-25.6V0H0v30.3c0,0,72,32.6,158.4,30.5c39.2-0.7,92.8-6.7,134-22.4\n\tc21.2-8.1,52.2-18.2,79.7-24.2C399.3,7.9,411.6,7.5,421.9,6.5z\"\/>\n<\/svg>\t\t<\/div>\n\t\t\t\t\t<div class=\"elementor-container elementor-column-gap-default\">\n\t\t\t\t\t<div class=\"elementor-column elementor-col-100 elementor-top-column elementor-element elementor-element-18bb39d7\" data-id=\"18bb39d7\" data-element_type=\"column\" data-e-type=\"column\">\n\t\t\t<div class=\"elementor-widget-wrap elementor-element-populated\">\n\t\t\t\t\t\t<section class=\"elementor-section elementor-inner-section elementor-element elementor-element-4eba4c4d elementor-section-boxed elementor-section-height-default elementor-section-height-default wpr-particle-no wpr-jarallax-no wpr-parallax-no wpr-sticky-section-no wpr-equal-height-no\" data-id=\"4eba4c4d\" data-element_type=\"section\" data-e-type=\"section\">\n\t\t\t\t\t\t<div class=\"elementor-container elementor-column-gap-default\">\n\t\t\t\t\t<div class=\"elementor-column elementor-col-100 elementor-inner-column elementor-element elementor-element-764db9e7\" data-id=\"764db9e7\" data-element_type=\"column\" data-e-type=\"column\">\n\t\t\t<div class=\"elementor-widget-wrap elementor-element-populated\">\n\t\t\t\t\t\t<div class=\"elementor-element elementor-element-4606eae0 elementor-widget elementor-widget-heading\" data-id=\"4606eae0\" data-element_type=\"widget\" data-e-type=\"widget\" data-widget_type=\"heading.default\">\n\t\t\t\t<div class=\"elementor-widget-container\">\n\t\t\t\t\t<h2 class=\"elementor-heading-title elementor-size-default\">Evolu\u00e7\u00e3o do Processo de An\u00e1lise de Riscos de Contrapartes<\/h2>\t\t\t\t<\/div>\n\t\t\t\t<\/div>\n\t\t\t\t\t<\/div>\n\t\t<\/div>\n\t\t\t\t\t<\/div>\n\t\t<\/section>\n\t\t\t\t<section class=\"elementor-section elementor-inner-section elementor-element elementor-element-a2952b8 elementor-section-boxed elementor-section-height-default elementor-section-height-default wpr-particle-no wpr-jarallax-no wpr-parallax-no wpr-sticky-section-no wpr-equal-height-no\" data-id=\"a2952b8\" data-element_type=\"section\" data-e-type=\"section\">\n\t\t\t\t\t\t<div class=\"elementor-container elementor-column-gap-default\">\n\t\t\t\t\t<div class=\"elementor-column elementor-col-100 elementor-inner-column elementor-element elementor-element-c1a7bd0\" data-id=\"c1a7bd0\" data-element_type=\"column\" data-e-type=\"column\">\n\t\t\t<div class=\"elementor-widget-wrap elementor-element-populated\">\n\t\t\t\t\t\t<div class=\"elementor-element elementor-element-748b919d elementor-align-center elementor-widget elementor-widget-button\" data-id=\"748b919d\" data-element_type=\"widget\" data-e-type=\"widget\" data-widget_type=\"button.default\">\n\t\t\t\t<div class=\"elementor-widget-container\">\n\t\t\t\t\t\t\t\t\t<div class=\"elementor-button-wrapper\">\n\t\t\t\t\t<a class=\"elementor-button elementor-button-link elementor-size-sm elementor-animation-grow\" href=\"#desafioaberto\" target=\"_blank\">\n\t\t\t\t\t\t<span class=\"elementor-button-content-wrapper\">\n\t\t\t\t\t\t<span class=\"elementor-button-icon\">\n\t\t\t\t<i aria-hidden=\"true\" class=\"icon icon-download-arrow\"><\/i>\t\t\t<\/span>\n\t\t\t\t\t\t\t\t\t<span class=\"elementor-button-text\">Saiba mais sobre o desafio<\/span>\n\t\t\t\t\t<\/span>\n\t\t\t\t\t<\/a>\n\t\t\t\t<\/div>\n\t\t\t\t\t\t\t\t<\/div>\n\t\t\t\t<\/div>\n\t\t\t\t\t<\/div>\n\t\t<\/div>\n\t\t\t\t\t<\/div>\n\t\t<\/section>\n\t\t\t\t\t<\/div>\n\t\t<\/div>\n\t\t\t\t\t<\/div>\n\t\t<\/section>\n\t\t\t\t<section class=\"elementor-section elementor-top-section elementor-element elementor-element-a408bbc elementor-section-boxed elementor-section-height-default elementor-section-height-default wpr-particle-no wpr-jarallax-no wpr-parallax-no wpr-sticky-section-no wpr-equal-height-no\" data-id=\"a408bbc\" data-element_type=\"section\" data-e-type=\"section\">\n\t\t\t\t\t\t<div class=\"elementor-container elementor-column-gap-default\">\n\t\t\t\t\t<div class=\"elementor-column elementor-col-100 elementor-top-column elementor-element elementor-element-f1c4433\" data-id=\"f1c4433\" data-element_type=\"column\" data-e-type=\"column\">\n\t\t\t<div class=\"elementor-widget-wrap elementor-element-populated\">\n\t\t\t\t\t\t<div class=\"elementor-element elementor-element-68e1a6a elementor-widget elementor-widget-text-editor\" data-id=\"68e1a6a\" data-element_type=\"widget\" data-e-type=\"widget\" data-widget_type=\"text-editor.default\">\n\t\t\t\t<div class=\"elementor-widget-container\">\n\t\t\t\t\t\t\t\t\t<a style=\"color: #0072c6; text-decoration: none;\" href=\"https:\/\/eletrobrasinnovationgrid.com\/\">Home<\/a> &gt; <a style=\"color: #0072c6; text-decoration: none;\" href=\"https:\/\/eletrobrasinnovationgrid.com\/tech-partnerships\/\">Tech Partnerships<\/a> &gt; <b>Desafio em andamento<\/b>\t\t\t\t\t\t\t\t<\/div>\n\t\t\t\t<\/div>\n\t\t\t\t<div class=\"elementor-element elementor-element-973ec81 elementor-widget elementor-widget-menu-anchor\" data-id=\"973ec81\" data-element_type=\"widget\" data-e-type=\"widget\" data-widget_type=\"menu-anchor.default\">\n\t\t\t\t<div class=\"elementor-widget-container\">\n\t\t\t\t\t\t\t<div class=\"elementor-menu-anchor\" id=\"desafioaberto\"><\/div>\n\t\t\t\t\t\t<\/div>\n\t\t\t\t<\/div>\n\t\t\t\t<section class=\"elementor-section elementor-inner-section elementor-element elementor-element-58db1c2 elementor-section-boxed elementor-section-height-default elementor-section-height-default wpr-particle-no wpr-jarallax-no wpr-parallax-no wpr-sticky-section-no wpr-equal-height-no\" data-id=\"58db1c2\" data-element_type=\"section\" data-e-type=\"section\">\n\t\t\t\t\t\t<div class=\"elementor-container elementor-column-gap-default\">\n\t\t\t\t\t<div class=\"elementor-column elementor-col-50 elementor-inner-column elementor-element elementor-element-49c3175\" data-id=\"49c3175\" data-element_type=\"column\" data-e-type=\"column\">\n\t\t\t<div class=\"elementor-widget-wrap elementor-element-populated\">\n\t\t\t\t\t\t<div class=\"elementor-element elementor-element-c2b03fa elementor-view-default elementor-widget elementor-widget-icon\" data-id=\"c2b03fa\" data-element_type=\"widget\" data-e-type=\"widget\" data-widget_type=\"icon.default\">\n\t\t\t\t<div class=\"elementor-widget-container\">\n\t\t\t\t\t\t\t<div class=\"elementor-icon-wrapper\">\n\t\t\t<div class=\"elementor-icon\">\n\t\t\t<i aria-hidden=\"true\" class=\"icon icon-line-chart\"><\/i>\t\t\t<\/div>\n\t\t<\/div>\n\t\t\t\t\t\t<\/div>\n\t\t\t\t<\/div>\n\t\t\t\t\t<\/div>\n\t\t<\/div>\n\t\t\t\t<div class=\"elementor-column elementor-col-50 elementor-inner-column elementor-element elementor-element-ba82bc6\" data-id=\"ba82bc6\" data-element_type=\"column\" data-e-type=\"column\">\n\t\t\t<div class=\"elementor-widget-wrap elementor-element-populated\">\n\t\t\t\t\t\t<div class=\"elementor-element elementor-element-8765f9f elementor-widget elementor-widget-heading\" data-id=\"8765f9f\" data-element_type=\"widget\" data-e-type=\"widget\" data-widget_type=\"heading.default\">\n\t\t\t\t<div class=\"elementor-widget-container\">\n\t\t\t\t\t<h2 class=\"elementor-heading-title elementor-size-default\">Evolu\u00e7\u00e3o do Processo de An\u00e1lise de Riscos de Contrapartes<\/h2>\t\t\t\t<\/div>\n\t\t\t\t<\/div>\n\t\t\t\t<div class=\"elementor-element elementor-element-6c70a0a elementor-widget elementor-widget-text-editor\" data-id=\"6c70a0a\" data-element_type=\"widget\" data-e-type=\"widget\" data-widget_type=\"text-editor.default\">\n\t\t\t\t<div class=\"elementor-widget-container\">\n\t\t\t\t\t\t\t\t\t<strong>Sponsor: <a target=\"_blank\" href=\"https:\/\/www.linkedin.com\/in\/camila-gualda-araujo-2605133\/\">Camila Gualda Araujo<\/a><\/strong><br>\n<strong>L\u00edder: <a target=\"_blank\" href=\"https:\/\/www.linkedin.com\/in\/katia-de-o-gon%C3%A7alves-veloso-20aab620\/\">Katia de Oliveira Gon\u00e7alves Veloso<\/a><\/strong>\t\t\t\t\t\t\t\t<\/div>\n\t\t\t\t<\/div>\n\t\t\t\t<div class=\"elementor-element elementor-element-f6bef63 elementor-widget elementor-widget-heading\" data-id=\"f6bef63\" data-element_type=\"widget\" data-e-type=\"widget\" data-widget_type=\"heading.default\">\n\t\t\t\t<div class=\"elementor-widget-container\">\n\t\t\t\t\t<h4 class=\"elementor-heading-title elementor-size-default\">Evolu\u00e7\u00e3o, automatiza\u00e7\u00e3o e integra\u00e7\u00e3o das diversas etapas do processo de an\u00e1lise de riscos de contrapartes com foco na comercializa\u00e7\u00e3o de energia no Ambiente de Contrata\u00e7\u00e3o Livre (ACL).<\/h4>\t\t\t\t<\/div>\n\t\t\t\t<\/div>\n\t\t\t\t<div class=\"elementor-element elementor-element-cef0d4a elementor-widget elementor-widget-text-editor\" data-id=\"cef0d4a\" data-element_type=\"widget\" data-e-type=\"widget\" data-widget_type=\"text-editor.default\">\n\t\t\t\t<div class=\"elementor-widget-container\">\n\t\t\t\t\t\t\t\t\t<p>Buscamos propostas de projeto para evolu\u00e7\u00e3o, automatiza\u00e7\u00e3o, digitaliza\u00e7\u00e3o e integra\u00e7\u00e3o das diversas etapas do processo de an\u00e1lise de riscos de contrapartes AXIA Energia com foco na comercializa\u00e7\u00e3o de energia no Ambiente de Contrata\u00e7\u00e3o Livre (ACL). A AXIA Energia possui metodologia robusta e madura para an\u00e1lise de riscos de contrapartes, contudo identificou-se a oportunidade de amadurecermos este processo utilizando o avan\u00e7o tecnol\u00f3gico atual das metodologias de intelig\u00eancia artificial, possibilitando maior efici\u00eancia no processo, ganho de escala e aumento exponencial da carteira de clientes. Clique no bot\u00e3o \u201cInscri\u00e7\u00f5es Abertas\u201d para maiores detalhes e para submiss\u00e3o da proposta.<br \/><br \/><br \/><\/p><p><!--<b>Novo Prazo:<\/b> O formul\u00e1rio de envio de propostas ficar\u00e1 dispon\u00edvel at\u00e9 <b>19\/07\/2024<\/b>;--><\/p><p><b>Pitch Reverso (momento on-line para esclarecimento de d\u00favidas):<\/b> Agradecemos a todos os mais de 70 participantes que estiveram conosco na live que ocorreu na tarde do dia 04\/07\/2024.<\/p>\t\t\t\t\t\t\t\t<\/div>\n\t\t\t\t<\/div>\n\t\t\t\t<div class=\"elementor-element elementor-element-0edb506 elementor-widget elementor-widget-text-editor\" data-id=\"0edb506\" data-element_type=\"widget\" data-e-type=\"widget\" data-widget_type=\"text-editor.default\">\n\t\t\t\t<div class=\"elementor-widget-container\">\n\t\t\t\t\t\t\t\t\t<b style=\"color: #007bff; font-weight: 400;\">Data Analytics<\/b>\u00a0| <b style=\"color: #007bff; font-weight: 400;\">Machine Learning<\/b> | <b style=\"color: #007bff; font-weight: 400;\">Processamento de Linguagem Natura<\/b> | <b style=\"color: #007bff; font-weight: 400;\">Automa\u00e7\u00e3o de Processos<\/b> | <b style=\"color: #007bff; font-weight: 400;\">RPA<\/b>\t\t\t\t\t\t\t\t<\/div>\n\t\t\t\t<\/div>\n\t\t\t\t<div class=\"elementor-element elementor-element-0d0d5b9 elementor-align-left elementor-widget elementor-widget-button\" data-id=\"0d0d5b9\" data-element_type=\"widget\" data-e-type=\"widget\" data-widget_type=\"button.default\">\n\t\t\t\t<div class=\"elementor-widget-container\">\n\t\t\t\t\t\t\t\t\t<div class=\"elementor-button-wrapper\">\n\t\t\t\t\t<a class=\"elementor-button elementor-size-sm\" role=\"button\">\n\t\t\t\t\t\t<span class=\"elementor-button-content-wrapper\">\n\t\t\t\t\t\t\t\t\t<span class=\"elementor-button-text\">Inscri\u00e7\u00f5es encerradas<\/span>\n\t\t\t\t\t<\/span>\n\t\t\t\t\t<\/a>\n\t\t\t\t<\/div>\n\t\t\t\t\t\t\t\t<\/div>\n\t\t\t\t<\/div>\n\t\t\t\t<div class=\"elementor-element elementor-element-8023f70 elementor-align-left elementor-hidden-desktop elementor-hidden-tablet elementor-hidden-mobile elementor-widget elementor-widget-button\" data-id=\"8023f70\" data-element_type=\"widget\" data-e-type=\"widget\" data-widget_type=\"button.default\">\n\t\t\t\t<div class=\"elementor-widget-container\">\n\t\t\t\t\t\t\t\t\t<div class=\"elementor-button-wrapper\">\n\t\t\t\t\t<a class=\"elementor-button elementor-button-link elementor-size-sm\" href=\"https:\/\/eletrobras.aevoinnovate.net\/startup-area\/#\/invite\/4387efee-3dd8-4e6b-80b2-92fb90082eef\" target=\"_blank\">\n\t\t\t\t\t\t<span class=\"elementor-button-content-wrapper\">\n\t\t\t\t\t\t\t\t\t<span class=\"elementor-button-text\">Inscri\u00e7\u00f5es abertas at\u00e9 19\/07<\/span>\n\t\t\t\t\t<\/span>\n\t\t\t\t\t<\/a>\n\t\t\t\t<\/div>\n\t\t\t\t\t\t\t\t<\/div>\n\t\t\t\t<\/div>\n\t\t\t\t<div class=\"elementor-element elementor-element-9b9a1c2 elementor-hidden-desktop elementor-hidden-tablet elementor-hidden-mobile elementor-widget elementor-widget-image\" data-id=\"9b9a1c2\" data-element_type=\"widget\" data-e-type=\"widget\" data-widget_type=\"image.default\">\n\t\t\t\t<div class=\"elementor-widget-container\">\n\t\t\t\t\t\t\t\t\t\t\t\t\t\t\t<img fetchpriority=\"high\" decoding=\"async\" width=\"1024\" height=\"343\" src=\"https:\/\/eletrobrasinnovationgrid.com\/wp-content\/uploads\/2024\/06\/time-line-tec-novo_Prancheta-1-1024x343.png\" class=\"attachment-large size-large wp-image-10380\" alt=\"\" srcset=\"https:\/\/eletrobrasinnovationgrid.com\/wp-content\/uploads\/2024\/06\/time-line-tec-novo_Prancheta-1-1024x343.png 1024w, https:\/\/eletrobrasinnovationgrid.com\/wp-content\/uploads\/2024\/06\/time-line-tec-novo_Prancheta-1-300x100.png 300w, https:\/\/eletrobrasinnovationgrid.com\/wp-content\/uploads\/2024\/06\/time-line-tec-novo_Prancheta-1-768x257.png 768w, https:\/\/eletrobrasinnovationgrid.com\/wp-content\/uploads\/2024\/06\/time-line-tec-novo_Prancheta-1-1536x515.png 1536w, https:\/\/eletrobrasinnovationgrid.com\/wp-content\/uploads\/2024\/06\/time-line-tec-novo_Prancheta-1-2048x686.png 2048w, https:\/\/eletrobrasinnovationgrid.com\/wp-content\/uploads\/2024\/06\/time-line-tec-novo_Prancheta-1-18x6.png 18w\" sizes=\"(max-width: 1024px) 100vw, 1024px\" \/>\t\t\t\t\t\t\t\t\t\t\t\t\t\t\t<\/div>\n\t\t\t\t<\/div>\n\t\t\t\t\t<\/div>\n\t\t<\/div>\n\t\t\t\t\t<\/div>\n\t\t<\/section>\n\t\t\t\t\t<\/div>\n\t\t<\/div>\n\t\t\t\t\t<\/div>\n\t\t<\/section>\n\t\t\t\t<\/div>\n\t\t","protected":false},"excerpt":{"rendered":"<p>Programa Desafios Cronograma Por que participar F.A.Q. Sobre Innovation Grid X Evolu\u00e7\u00e3o do Processo de An\u00e1lise de Riscos de Contrapartes Saiba mais sobre o desafio Home &gt; Tech Partnerships &gt; Desafio em andamento Evolu\u00e7\u00e3o do Processo de An\u00e1lise de Riscos de Contrapartes Sponsor: Camila Gualda Araujo L\u00edder: Katia de Oliveira Gon\u00e7alves Veloso Evolu\u00e7\u00e3o, automatiza\u00e7\u00e3o e integra\u00e7\u00e3o das diversas etapas do processo de an\u00e1lise de riscos de contrapartes com foco na comercializa\u00e7\u00e3o de energia no Ambiente de Contrata\u00e7\u00e3o Livre (ACL). Buscamos propostas de projeto para evolu\u00e7\u00e3o, automatiza\u00e7\u00e3o, digitaliza\u00e7\u00e3o e integra\u00e7\u00e3o das diversas etapas do processo de an\u00e1lise de riscos de contrapartes AXIA Energia com foco na comercializa\u00e7\u00e3o de energia no Ambiente de Contrata\u00e7\u00e3o Livre (ACL). A AXIA Energia possui metodologia robusta e madura para an\u00e1lise de riscos de contrapartes, contudo identificou-se a oportunidade de amadurecermos este processo utilizando o avan\u00e7o tecnol\u00f3gico atual das metodologias de intelig\u00eancia artificial, possibilitando maior efici\u00eancia no processo, ganho de escala e aumento exponencial da carteira de clientes. Clique no bot\u00e3o \u201cInscri\u00e7\u00f5es Abertas\u201d para maiores detalhes e para submiss\u00e3o da proposta. Pitch Reverso (momento on-line para esclarecimento de d\u00favidas): Agradecemos a todos os mais de 70 participantes que estiveram conosco na live que ocorreu na tarde do dia 04\/07\/2024. Data Analytics\u00a0| Machine Learning | Processamento de Linguagem Natura | Automa\u00e7\u00e3o de Processos | RPA Inscri\u00e7\u00f5es encerradas Inscri\u00e7\u00f5es abertas at\u00e9 19\/07<\/p>","protected":false},"author":4,"featured_media":0,"parent":0,"menu_order":0,"comment_status":"closed","ping_status":"closed","template":"elementor_header_footer","meta":{"footnotes":""},"class_list":["post-11465","page","type-page","status-publish","hentry"],"jetpack_sharing_enabled":true,"_links":{"self":[{"href":"https:\/\/eletrobrasinnovationgrid.com\/en\/wp-json\/wp\/v2\/pages\/11465","targetHints":{"allow":["GET"]}}],"collection":[{"href":"https:\/\/eletrobrasinnovationgrid.com\/en\/wp-json\/wp\/v2\/pages"}],"about":[{"href":"https:\/\/eletrobrasinnovationgrid.com\/en\/wp-json\/wp\/v2\/types\/page"}],"author":[{"embeddable":true,"href":"https:\/\/eletrobrasinnovationgrid.com\/en\/wp-json\/wp\/v2\/users\/4"}],"replies":[{"embeddable":true,"href":"https:\/\/eletrobrasinnovationgrid.com\/en\/wp-json\/wp\/v2\/comments?post=11465"}],"version-history":[{"count":0,"href":"https:\/\/eletrobrasinnovationgrid.com\/en\/wp-json\/wp\/v2\/pages\/11465\/revisions"}],"wp:attachment":[{"href":"https:\/\/eletrobrasinnovationgrid.com\/en\/wp-json\/wp\/v2\/media?parent=11465"}],"curies":[{"name":"wp","href":"https:\/\/api.w.org\/{rel}","templated":true}]}}