{"id":11590,"date":"2024-10-18T18:00:34","date_gmt":"2024-10-18T18:00:34","guid":{"rendered":"https:\/\/eletrobrasinnovationgrid.com\/?page_id=11590"},"modified":"2024-10-21T14:22:17","modified_gmt":"2024-10-21T14:22:17","slug":"tech-transfer-microcapsulas-inteligentes-que-promovem-efeito-de-autorreparacao-na-protecao-anticorrosiva-de-ativos-metalicos","status":"publish","type":"page","link":"https:\/\/eletrobrasinnovationgrid.com\/en\/tech-transfer-microcapsulas-inteligentes-que-promovem-efeito-de-autorreparacao-na-protecao-anticorrosiva-de-ativos-metalicos\/","title":{"rendered":"Tech Transfer &#8211; Microc\u00e1psulas inteligentes que promovem  efeito de autorrepara\u00e7\u00e3o na prote\u00e7\u00e3o anticorrosiva de ativos met\u00e1licos"},"content":{"rendered":"\t\t<div data-elementor-type=\"wp-page\" data-elementor-id=\"11590\" class=\"elementor elementor-11590\">\n\t\t\t\t\t\t<section class=\"elementor-section elementor-top-section elementor-element elementor-element-7d517b77 elementor-section-height-min-height ops-section she-header-yes elementor-hidden-desktop elementor-hidden-tablet elementor-hidden-mobile elementor-section-boxed elementor-section-height-default elementor-section-items-middle wpr-particle-no wpr-jarallax-no wpr-parallax-no wpr-sticky-section-no wpr-equal-height-no\" data-id=\"7d517b77\" data-element_type=\"section\" data-e-type=\"section\" data-settings=\"{&quot;background_background&quot;:&quot;classic&quot;,&quot;ekit_has_onepagescroll&quot;:&quot;section&quot;,&quot;transparent&quot;:&quot;yes&quot;,&quot;transparent_on&quot;:[&quot;desktop&quot;,&quot;tablet&quot;,&quot;mobile&quot;],&quot;scroll_distance&quot;:{&quot;unit&quot;:&quot;px&quot;,&quot;size&quot;:60,&quot;sizes&quot;:[]},&quot;scroll_distance_tablet&quot;:{&quot;unit&quot;:&quot;px&quot;,&quot;size&quot;:&quot;&quot;,&quot;sizes&quot;:[]},&quot;scroll_distance_mobile&quot;:{&quot;unit&quot;:&quot;px&quot;,&quot;size&quot;:&quot;&quot;,&quot;sizes&quot;:[]},&quot;she_offset_top&quot;:{&quot;unit&quot;:&quot;px&quot;,&quot;size&quot;:0,&quot;sizes&quot;:[]},&quot;she_offset_top_tablet&quot;:{&quot;unit&quot;:&quot;px&quot;,&quot;size&quot;:&quot;&quot;,&quot;sizes&quot;:[]},&quot;she_offset_top_mobile&quot;:{&quot;unit&quot;:&quot;px&quot;,&quot;size&quot;:&quot;&quot;,&quot;sizes&quot;:[]},&quot;she_width&quot;:{&quot;unit&quot;:&quot;%&quot;,&quot;size&quot;:100,&quot;sizes&quot;:[]},&quot;she_width_tablet&quot;:{&quot;unit&quot;:&quot;px&quot;,&quot;size&quot;:&quot;&quot;,&quot;sizes&quot;:[]},&quot;she_width_mobile&quot;:{&quot;unit&quot;:&quot;px&quot;,&quot;size&quot;:&quot;&quot;,&quot;sizes&quot;:[]},&quot;she_padding&quot;:{&quot;unit&quot;:&quot;px&quot;,&quot;top&quot;:0,&quot;right&quot;:&quot;&quot;,&quot;bottom&quot;:0,&quot;left&quot;:&quot;&quot;,&quot;isLinked&quot;:true},&quot;she_padding_tablet&quot;:{&quot;unit&quot;:&quot;px&quot;,&quot;top&quot;:&quot;&quot;,&quot;right&quot;:&quot;&quot;,&quot;bottom&quot;:&quot;&quot;,&quot;left&quot;:&quot;&quot;,&quot;isLinked&quot;:true},&quot;she_padding_mobile&quot;:{&quot;unit&quot;:&quot;px&quot;,&quot;top&quot;:&quot;&quot;,&quot;right&quot;:&quot;&quot;,&quot;bottom&quot;:&quot;&quot;,&quot;left&quot;:&quot;&quot;,&quot;isLinked&quot;:true}}\">\n\t\t\t\t\t\t<div class=\"elementor-container elementor-column-gap-default\">\n\t\t\t\t\t<div class=\"elementor-column elementor-col-100 elementor-top-column elementor-element elementor-element-7b45cb61\" data-id=\"7b45cb61\" data-element_type=\"column\" data-e-type=\"column\">\n\t\t\t<div class=\"elementor-widget-wrap elementor-element-populated\">\n\t\t\t\t\t\t<div class=\"elementor-element elementor-element-4e55a252 elementor-widget elementor-widget-ekit-nav-menu\" data-id=\"4e55a252\" data-element_type=\"widget\" data-e-type=\"widget\" data-widget_type=\"ekit-nav-menu.default\">\n\t\t\t\t<div class=\"elementor-widget-container\">\n\t\t\t\t\t\t\t<nav class=\"ekit-wid-con ekit_menu_responsive_tablet\"\n\t\t\tdata-hamburger-icon=\"\"\n\t\t\tdata-hamburger-icon-type=\"icon\"\n\t\t\tdata-responsive-breakpoint=\"1024\">\n\t\t\t            <button class=\"elementskit-menu-hamburger elementskit-menu-toggler\"  type=\"button\" aria-label=\"hamburger-icon\">\n                                    <span class=\"elementskit-menu-hamburger-icon\"><\/span><span class=\"elementskit-menu-hamburger-icon\"><\/span><span class=\"elementskit-menu-hamburger-icon\"><\/span>\n                            <\/button>\n            <div id=\"ekit-megamenu-powerup\" class=\"elementskit-menu-container elementskit-menu-offcanvas-elements elementskit-navbar-nav-default ekit-nav-menu-one-page-no ekit-nav-dropdown-hover\"><ul id=\"menu-powerup\" class=\"elementskit-navbar-nav elementskit-menu-po-center submenu-click-on-icon\"><li id=\"menu-item-9004\" class=\"menu-item menu-item-type-custom menu-item-object-custom menu-item-9004 nav-item elementskit-mobile-builder-content\" data-vertical-menu=750px><a href=\"https:\/\/eletrobrasinnovationgrid.com\/powerup\/#programa\" class=\"ekit-menu-nav-link\">Programa<\/a><\/li>\n<li id=\"menu-item-9005\" class=\"menu-item menu-item-type-custom menu-item-object-custom menu-item-9005 nav-item elementskit-mobile-builder-content\" data-vertical-menu=750px><a href=\"https:\/\/eletrobrasinnovationgrid.com\/powerup\/#desafios\" class=\"ekit-menu-nav-link\">Desafios<\/a><\/li>\n<li id=\"menu-item-9006\" class=\"menu-item menu-item-type-custom menu-item-object-custom menu-item-9006 nav-item elementskit-mobile-builder-content\" data-vertical-menu=750px><a href=\"https:\/\/eletrobrasinnovationgrid.com\/powerup\/#cronograma\" class=\"ekit-menu-nav-link\">Cronograma<\/a><\/li>\n<li id=\"menu-item-9007\" class=\"menu-item menu-item-type-custom menu-item-object-custom menu-item-9007 nav-item elementskit-mobile-builder-content\" data-vertical-menu=750px><a href=\"https:\/\/eletrobrasinnovationgrid.com\/powerup\/#participar\" class=\"ekit-menu-nav-link\">Por que participar<\/a><\/li>\n<li id=\"menu-item-9008\" class=\"menu-item menu-item-type-custom menu-item-object-custom menu-item-9008 nav-item elementskit-mobile-builder-content\" data-vertical-menu=750px><a href=\"https:\/\/eletrobrasinnovationgrid.com\/powerup\/#faq\" class=\"ekit-menu-nav-link\">F.A.Q.<\/a><\/li>\n<li id=\"menu-item-9009\" class=\"menu-item menu-item-type-custom menu-item-object-custom menu-item-9009 nav-item elementskit-mobile-builder-content\" data-vertical-menu=750px><a href=\"https:\/\/eletrobrasinnovationgrid.com\/powerup\/#sobre\" class=\"ekit-menu-nav-link\">Sobre<\/a><\/li>\n<li id=\"menu-item-9010\" class=\"menu-item menu-item-type-custom menu-item-object-custom menu-item-9010 nav-item elementskit-mobile-builder-content\" data-vertical-menu=750px><a href=\"https:\/\/eletrobrasinnovationgrid.com\/\" class=\"ekit-menu-nav-link\">Innovation Grid<\/a><\/li>\n<\/ul><div class=\"elementskit-nav-identity-panel\"><button class=\"elementskit-menu-close elementskit-menu-toggler\" type=\"button\">X<\/button><\/div><\/div>\n\t\t\t<div class=\"elementskit-menu-overlay elementskit-menu-offcanvas-elements elementskit-menu-toggler ekit-nav-menu--overlay\"><\/div>        <\/nav>\n\t\t\t\t\t\t<\/div>\n\t\t\t\t<\/div>\n\t\t\t\t\t<\/div>\n\t\t<\/div>\n\t\t\t\t\t<\/div>\n\t\t<\/section>\n\t\t\t\t<section class=\"elementor-section elementor-top-section elementor-element elementor-element-56418444 elementor-section-height-min-height elementor-section-boxed elementor-section-height-default elementor-section-items-middle wpr-particle-no wpr-jarallax-no wpr-parallax-no wpr-sticky-section-no wpr-equal-height-no\" data-id=\"56418444\" data-element_type=\"section\" data-e-type=\"section\" data-settings=\"{&quot;background_background&quot;:&quot;classic&quot;,&quot;shape_divider_bottom&quot;:&quot;waves&quot;}\">\n\t\t\t\t\t\t\t<div class=\"elementor-background-overlay\"><\/div>\n\t\t\t\t\t\t<div class=\"elementor-shape elementor-shape-bottom\" aria-hidden=\"true\" data-negative=\"false\">\n\t\t\t<svg xmlns=\"http:\/\/www.w3.org\/2000\/svg\" viewBox=\"0 0 1000 100\" preserveAspectRatio=\"none\">\n\t<path class=\"elementor-shape-fill\" d=\"M421.9,6.5c22.6-2.5,51.5,0.4,75.5,5.3c23.6,4.9,70.9,23.5,100.5,35.7c75.8,32.2,133.7,44.5,192.6,49.7\n\tc23.6,2.1,48.7,3.5,103.4-2.5c54.7-6,106.2-25.6,106.2-25.6V0H0v30.3c0,0,72,32.6,158.4,30.5c39.2-0.7,92.8-6.7,134-22.4\n\tc21.2-8.1,52.2-18.2,79.7-24.2C399.3,7.9,411.6,7.5,421.9,6.5z\"\/>\n<\/svg>\t\t<\/div>\n\t\t\t\t\t<div class=\"elementor-container elementor-column-gap-default\">\n\t\t\t\t\t<div class=\"elementor-column elementor-col-100 elementor-top-column elementor-element elementor-element-18bb39d7\" data-id=\"18bb39d7\" data-element_type=\"column\" data-e-type=\"column\">\n\t\t\t<div class=\"elementor-widget-wrap elementor-element-populated\">\n\t\t\t\t\t\t<section class=\"elementor-section elementor-inner-section elementor-element elementor-element-4eba4c4d elementor-section-boxed elementor-section-height-default elementor-section-height-default wpr-particle-no wpr-jarallax-no wpr-parallax-no wpr-sticky-section-no wpr-equal-height-no\" data-id=\"4eba4c4d\" data-element_type=\"section\" data-e-type=\"section\">\n\t\t\t\t\t\t<div class=\"elementor-container elementor-column-gap-default\">\n\t\t\t\t\t<div class=\"elementor-column elementor-col-100 elementor-inner-column elementor-element elementor-element-764db9e7\" data-id=\"764db9e7\" data-element_type=\"column\" data-e-type=\"column\">\n\t\t\t<div class=\"elementor-widget-wrap elementor-element-populated\">\n\t\t\t\t\t\t<div class=\"elementor-element elementor-element-4606eae0 elementor-widget elementor-widget-heading\" data-id=\"4606eae0\" data-element_type=\"widget\" data-e-type=\"widget\" data-widget_type=\"heading.default\">\n\t\t\t\t<div class=\"elementor-widget-container\">\n\t\t\t\t\t<h2 class=\"elementor-heading-title elementor-size-default\">Microc\u00e1psulas inteligentes que promovem \nefeito de autorrepara\u00e7\u00e3o na prote\u00e7\u00e3o anticorrosiva de ativos met\u00e1licos<\/h2>\t\t\t\t<\/div>\n\t\t\t\t<\/div>\n\t\t\t\t\t<\/div>\n\t\t<\/div>\n\t\t\t\t\t<\/div>\n\t\t<\/section>\n\t\t\t\t<section class=\"elementor-section elementor-inner-section elementor-element elementor-element-a2952b8 elementor-section-boxed elementor-section-height-default elementor-section-height-default wpr-particle-no wpr-jarallax-no wpr-parallax-no wpr-sticky-section-no wpr-equal-height-no\" data-id=\"a2952b8\" data-element_type=\"section\" data-e-type=\"section\">\n\t\t\t\t\t\t<div class=\"elementor-container elementor-column-gap-default\">\n\t\t\t\t\t<div class=\"elementor-column elementor-col-100 elementor-inner-column elementor-element elementor-element-c1a7bd0\" data-id=\"c1a7bd0\" data-element_type=\"column\" data-e-type=\"column\">\n\t\t\t<div class=\"elementor-widget-wrap elementor-element-populated\">\n\t\t\t\t\t\t<div class=\"elementor-element elementor-element-748b919d elementor-align-center elementor-widget elementor-widget-button\" data-id=\"748b919d\" data-element_type=\"widget\" data-e-type=\"widget\" data-widget_type=\"button.default\">\n\t\t\t\t<div class=\"elementor-widget-container\">\n\t\t\t\t\t\t\t\t\t<div class=\"elementor-button-wrapper\">\n\t\t\t\t\t<a class=\"elementor-button elementor-button-link elementor-size-sm elementor-animation-grow\" href=\"#desafioaberto\" target=\"_blank\">\n\t\t\t\t\t\t<span class=\"elementor-button-content-wrapper\">\n\t\t\t\t\t\t<span class=\"elementor-button-icon\">\n\t\t\t\t<i aria-hidden=\"true\" class=\"icon icon-download-arrow\"><\/i>\t\t\t<\/span>\n\t\t\t\t\t\t\t\t\t<span class=\"elementor-button-text\">Saiba mais sobre a oportunidade<\/span>\n\t\t\t\t\t<\/span>\n\t\t\t\t\t<\/a>\n\t\t\t\t<\/div>\n\t\t\t\t\t\t\t\t<\/div>\n\t\t\t\t<\/div>\n\t\t\t\t\t<\/div>\n\t\t<\/div>\n\t\t\t\t\t<\/div>\n\t\t<\/section>\n\t\t\t\t\t<\/div>\n\t\t<\/div>\n\t\t\t\t\t<\/div>\n\t\t<\/section>\n\t\t\t\t<section class=\"elementor-section elementor-top-section elementor-element elementor-element-a408bbc elementor-section-boxed elementor-section-height-default elementor-section-height-default wpr-particle-no wpr-jarallax-no wpr-parallax-no wpr-sticky-section-no wpr-equal-height-no\" data-id=\"a408bbc\" data-element_type=\"section\" data-e-type=\"section\">\n\t\t\t\t\t\t<div class=\"elementor-container elementor-column-gap-default\">\n\t\t\t\t\t<div class=\"elementor-column elementor-col-100 elementor-top-column elementor-element elementor-element-f1c4433\" data-id=\"f1c4433\" data-element_type=\"column\" data-e-type=\"column\">\n\t\t\t<div class=\"elementor-widget-wrap elementor-element-populated\">\n\t\t\t\t\t\t<div class=\"elementor-element elementor-element-68e1a6a elementor-widget elementor-widget-text-editor\" data-id=\"68e1a6a\" data-element_type=\"widget\" data-e-type=\"widget\" data-widget_type=\"text-editor.default\">\n\t\t\t\t<div class=\"elementor-widget-container\">\n\t\t\t\t\t\t\t\t\t<p><a style=\"color: #0072c6; text-decoration: none;\" href=\"https:\/\/eletrobrasinnovationgrid.com\/\">Home<\/a> &gt; <a style=\"color: #0072c6; text-decoration: none;\" href=\"https:\/\/eletrobrasinnovationgrid.com\/tech-transfer\">Tech Transfer<\/a> &gt; <b>Oportunidade em aberto<\/b><\/p>\t\t\t\t\t\t\t\t<\/div>\n\t\t\t\t<\/div>\n\t\t\t\t<div class=\"elementor-element elementor-element-973ec81 elementor-widget elementor-widget-menu-anchor\" data-id=\"973ec81\" data-element_type=\"widget\" data-e-type=\"widget\" data-widget_type=\"menu-anchor.default\">\n\t\t\t\t<div class=\"elementor-widget-container\">\n\t\t\t\t\t\t\t<div class=\"elementor-menu-anchor\" id=\"desafioaberto\"><\/div>\n\t\t\t\t\t\t<\/div>\n\t\t\t\t<\/div>\n\t\t\t\t<section class=\"elementor-section elementor-inner-section elementor-element elementor-element-58db1c2 elementor-section-boxed elementor-section-height-default elementor-section-height-default wpr-particle-no wpr-jarallax-no wpr-parallax-no wpr-sticky-section-no wpr-equal-height-no\" data-id=\"58db1c2\" data-element_type=\"section\" data-e-type=\"section\">\n\t\t\t\t\t\t<div class=\"elementor-container elementor-column-gap-default\">\n\t\t\t\t\t<div class=\"elementor-column elementor-col-50 elementor-inner-column elementor-element elementor-element-49c3175\" data-id=\"49c3175\" data-element_type=\"column\" data-e-type=\"column\">\n\t\t\t<div class=\"elementor-widget-wrap elementor-element-populated\">\n\t\t\t\t\t\t<div class=\"elementor-element elementor-element-c2b03fa elementor-view-default elementor-widget elementor-widget-icon\" data-id=\"c2b03fa\" data-element_type=\"widget\" data-e-type=\"widget\" data-widget_type=\"icon.default\">\n\t\t\t\t<div class=\"elementor-widget-container\">\n\t\t\t\t\t\t\t<div class=\"elementor-icon-wrapper\">\n\t\t\t<div class=\"elementor-icon\">\n\t\t\t<i aria-hidden=\"true\" class=\"fas fa-cog\"><\/i>\t\t\t<\/div>\n\t\t<\/div>\n\t\t\t\t\t\t<\/div>\n\t\t\t\t<\/div>\n\t\t\t\t\t<\/div>\n\t\t<\/div>\n\t\t\t\t<div class=\"elementor-column elementor-col-50 elementor-inner-column elementor-element elementor-element-ba82bc6\" data-id=\"ba82bc6\" data-element_type=\"column\" data-e-type=\"column\">\n\t\t\t<div class=\"elementor-widget-wrap elementor-element-populated\">\n\t\t\t\t\t\t<div class=\"elementor-element elementor-element-8765f9f elementor-widget elementor-widget-heading\" data-id=\"8765f9f\" data-element_type=\"widget\" data-e-type=\"widget\" data-widget_type=\"heading.default\">\n\t\t\t\t<div class=\"elementor-widget-container\">\n\t\t\t\t\t<h2 class=\"elementor-heading-title elementor-size-default\">Microc\u00e1psulas inteligentes que promovem \nefeito de autorrepara\u00e7\u00e3o na prote\u00e7\u00e3o anticorrosiva de ativos met\u00e1licos<\/h2>\t\t\t\t<\/div>\n\t\t\t\t<\/div>\n\t\t\t\t<div class=\"elementor-element elementor-element-4afb4db elementor-widget elementor-widget-text-editor\" data-id=\"4afb4db\" data-element_type=\"widget\" data-e-type=\"widget\" data-widget_type=\"text-editor.default\">\n\t\t\t\t<div class=\"elementor-widget-container\">\n\t\t\t\t\t\t\t\t\t<strong>Sponsor: <a href=\"https:\/\/www.linkedin.com\/in\/gerson-vale-de-resende-083796128\/\" target=\"_blank\" rel=\"noopener\">Gerson Vale de Resende<\/a><\/strong><br>\n<strong>L\u00edder: Artur Correa da Silva, <a href=\"https:\/\/www.linkedin.com\/in\/elberbendinelli\/\" target=\"_blank\" rel=\"noopener\">Elber Vidigal Bendinelli<\/a> e <a href=\"https:\/\/www.linkedin.com\/in\/felipe-garcia-nunes-27564a2ba\/\" target=\"_blank\" rel=\"noopener\">Felipe Gracia Nunes<\/a><\/strong>\t\t\t\t\t\t\t\t<\/div>\n\t\t\t\t<\/div>\n\t\t\t\t<div class=\"elementor-element elementor-element-0feb3bd elementor-widget elementor-widget-heading\" data-id=\"0feb3bd\" data-element_type=\"widget\" data-e-type=\"widget\" data-widget_type=\"heading.default\">\n\t\t\t\t<div class=\"elementor-widget-container\">\n\t\t\t\t\t<h4 class=\"elementor-heading-title elementor-size-default\">Buscamos parceiros estrat\u00e9gicos para escalar e comercializar tecnologias e solu\u00e7\u00f5es inovadoras para o setor de energia, al\u00e9m de se tornar um fornecedor da solu\u00e7\u00e3o tecnol\u00f3gica para Eletrobras. Procuramos nesta oportunidade empresas interessadas na transfer\u00eancia de tecnologia para a produ\u00e7\u00e3o em escala industrial de microc\u00e1psulas inteligentes para autorrepara\u00e7\u00e3o da prote\u00e7\u00e3o anticorrosiva de estruturas met\u00e1licas, solu\u00e7\u00e3o desenvolvida pelo nosso centro de pesquisas.<\/h4>\t\t\t\t<\/div>\n\t\t\t\t<\/div>\n\t\t\t\t<div class=\"elementor-element elementor-element-3116fc5 elementor-widget elementor-widget-text-editor\" data-id=\"3116fc5\" data-element_type=\"widget\" data-e-type=\"widget\" data-widget_type=\"text-editor.default\">\n\t\t\t\t<div class=\"elementor-widget-container\">\n\t\t\t\t\t\t\t\t\tEstamos buscando propostas de empresas e institui\u00e7\u00f5es para o processo de transfer\u00eancia tecnol\u00f3gica da solu\u00e7\u00e3o \u201cMicroc\u00e1psulas inteligentes que promovem efeito de autorrepara\u00e7\u00e3o na prote\u00e7\u00e3o anticorrosiva de ativos met\u00e1licos\u201d. Esta tecnologia visa reparar de forma aut\u00f4noma danos e defeitos na pintura anticorrosiva de estruturas met\u00e1licas, sem necessidade de interven\u00e7\u00e3o humana imediata, com o intuito de reduzir a frequ\u00eancia de manuten\u00e7\u00e3o para repintura do ativo e seus custos associados, aumentando a vida operacional do ativo. Estamos abertos a receber propostas de produ\u00e7\u00e3o em escala das microc\u00e1psulas isoladamente, ou de produ\u00e7\u00e3o em escala de uma tinta autorreparadora j\u00e1 contendo as microc\u00e1psulas inteligentes. Tamb\u00e9m estamos abertos a avaliar solu\u00e7\u00f5es tecnol\u00f3gicas maduras existentes no mercado que atendam com efic\u00e1cia o objetivo proposto. Nossa meta \u00e9 viabilizar essa solu\u00e7\u00e3o em escala para a Eletrobras, garantindo assim a excel\u00eancia, inova\u00e7\u00e3o e reduzindo os custos de manuten\u00e7\u00e3o da prote\u00e7\u00e3o anticorrosiva em nossas opera\u00e7\u00f5es, al\u00e9m de possibilitar ao parceiro a comercializa\u00e7\u00e3o da tecnologia no mercado.\n<br><br>\n\n<strong>Prazo<\/strong>: O formul\u00e1rio de envio de propostas ficar\u00e1 dispon\u00edvel at\u00e9 <strong>30\/11\/2024<\/strong>\t\t\t\t\t\t\t\t<\/div>\n\t\t\t\t<\/div>\n\t\t\t\t<div class=\"elementor-element elementor-element-5a03436 elementor-widget elementor-widget-text-editor\" data-id=\"5a03436\" data-element_type=\"widget\" data-e-type=\"widget\" data-widget_type=\"text-editor.default\">\n\t\t\t\t<div class=\"elementor-widget-container\">\n\t\t\t\t\t\t\t\t\t<b style=\"color: #007bff; font-weight: 400;\">Microc\u00e1psulas Inteligentes<\/b> | <b style=\"color: #007bff; font-weight: 400;\">Autorrepara\u00e7\u00e3o<\/b> | <b style=\"color: #007bff; font-weight: 400;\">Corros\u00e3o atmosf\u00e9rica<\/b> | <b style=\"color: #007bff; font-weight: 400;\">Ativos Setor El\u00e9trico<\/b>\t\t\t\t\t\t\t\t<\/div>\n\t\t\t\t<\/div>\n\t\t\t\t<div class=\"elementor-element elementor-element-859d709 elementor-widget elementor-widget-text-editor\" data-id=\"859d709\" data-element_type=\"widget\" data-e-type=\"widget\" data-widget_type=\"text-editor.default\">\n\t\t\t\t<div class=\"elementor-widget-container\">\n\t\t\t\t\t\t\t\t\t<strong>D\u00favidas:<\/strong>\u00a0D\u00favidas ou informa\u00e7\u00f5es adicionais mande e-mail identificando no assunto o T\u00edtulo deste Desafio para\u00a0<a href=\"mailto:innovationgrid@eletrobras.com\" target=\"_blank\" rel=\"noopener\">innovationgrid@eletrobras.com<\/a>\t\t\t\t\t\t\t\t<\/div>\n\t\t\t\t<\/div>\n\t\t\t\t<div class=\"elementor-element elementor-element-0d0d5b9 elementor-align-left elementor-hidden-desktop elementor-hidden-tablet elementor-hidden-mobile elementor-widget elementor-widget-button\" data-id=\"0d0d5b9\" data-element_type=\"widget\" data-e-type=\"widget\" data-widget_type=\"button.default\">\n\t\t\t\t<div class=\"elementor-widget-container\">\n\t\t\t\t\t\t\t\t\t<div class=\"elementor-button-wrapper\">\n\t\t\t\t\t<a class=\"elementor-button elementor-size-sm\" role=\"button\">\n\t\t\t\t\t\t<span class=\"elementor-button-content-wrapper\">\n\t\t\t\t\t\t\t\t\t<span class=\"elementor-button-text\">Inscri\u00e7\u00f5es encerradas<\/span>\n\t\t\t\t\t<\/span>\n\t\t\t\t\t<\/a>\n\t\t\t\t<\/div>\n\t\t\t\t\t\t\t\t<\/div>\n\t\t\t\t<\/div>\n\t\t\t\t<div class=\"elementor-element elementor-element-8023f70 elementor-align-left elementor-widget elementor-widget-button\" data-id=\"8023f70\" data-element_type=\"widget\" data-e-type=\"widget\" data-widget_type=\"button.default\">\n\t\t\t\t<div class=\"elementor-widget-container\">\n\t\t\t\t\t\t\t\t\t<div class=\"elementor-button-wrapper\">\n\t\t\t\t\t<a class=\"elementor-button elementor-button-link elementor-size-sm\" href=\"https:\/\/eletrobras.aevoinnovate.net\/startup-area\/#\/invite\/9c4f110a-43a4-487e-9205-86e8f82a9b66\" target=\"_blank\">\n\t\t\t\t\t\t<span class=\"elementor-button-content-wrapper\">\n\t\t\t\t\t\t\t\t\t<span class=\"elementor-button-text\">Inscri\u00e7\u00f5es abertas at\u00e9 30\/11<\/span>\n\t\t\t\t\t<\/span>\n\t\t\t\t\t<\/a>\n\t\t\t\t<\/div>\n\t\t\t\t\t\t\t\t<\/div>\n\t\t\t\t<\/div>\n\t\t\t\t\t<\/div>\n\t\t<\/div>\n\t\t\t\t\t<\/div>\n\t\t<\/section>\n\t\t\t\t\t<\/div>\n\t\t<\/div>\n\t\t\t\t\t<\/div>\n\t\t<\/section>\n\t\t\t\t<\/div>\n\t\t","protected":false},"excerpt":{"rendered":"<p>Programa Desafios Cronograma Por que participar F.A.Q. Sobre Innovation Grid X Microc\u00e1psulas inteligentes que promovem efeito de autorrepara\u00e7\u00e3o na prote\u00e7\u00e3o anticorrosiva de ativos met\u00e1licos Saiba mais sobre a oportunidade Home &gt; Tech Transfer &gt; Oportunidade em aberto Microc\u00e1psulas inteligentes que promovem efeito de autorrepara\u00e7\u00e3o na prote\u00e7\u00e3o anticorrosiva de ativos met\u00e1licos Sponsor: Gerson Vale de Resende L\u00edder: Artur Correa da Silva, Elber Vidigal Bendinelli e Felipe Gracia Nunes Buscamos parceiros estrat\u00e9gicos para escalar e comercializar tecnologias e solu\u00e7\u00f5es inovadoras para o setor de energia, al\u00e9m de se tornar um fornecedor da solu\u00e7\u00e3o tecnol\u00f3gica para Eletrobras. Procuramos nesta oportunidade empresas interessadas na transfer\u00eancia de tecnologia para a produ\u00e7\u00e3o em escala industrial de microc\u00e1psulas inteligentes para autorrepara\u00e7\u00e3o da prote\u00e7\u00e3o anticorrosiva de estruturas met\u00e1licas, solu\u00e7\u00e3o desenvolvida pelo nosso centro de pesquisas. Estamos buscando propostas de empresas e institui\u00e7\u00f5es para o processo de transfer\u00eancia tecnol\u00f3gica da solu\u00e7\u00e3o \u201cMicroc\u00e1psulas inteligentes que promovem efeito de autorrepara\u00e7\u00e3o na prote\u00e7\u00e3o anticorrosiva de ativos met\u00e1licos\u201d. Esta tecnologia visa reparar de forma aut\u00f4noma danos e defeitos na pintura anticorrosiva de estruturas met\u00e1licas, sem necessidade de interven\u00e7\u00e3o humana imediata, com o intuito de reduzir a frequ\u00eancia de manuten\u00e7\u00e3o para repintura do ativo e seus custos associados, aumentando a vida operacional do ativo. Estamos abertos a receber propostas de produ\u00e7\u00e3o em escala das microc\u00e1psulas isoladamente, ou de produ\u00e7\u00e3o em escala de uma tinta autorreparadora j\u00e1 contendo as microc\u00e1psulas inteligentes. Tamb\u00e9m estamos abertos a avaliar solu\u00e7\u00f5es tecnol\u00f3gicas maduras existentes no mercado que atendam com efic\u00e1cia o objetivo proposto. Nossa meta \u00e9 viabilizar essa solu\u00e7\u00e3o em escala para a Eletrobras, garantindo assim a excel\u00eancia, inova\u00e7\u00e3o e reduzindo os custos de manuten\u00e7\u00e3o da prote\u00e7\u00e3o anticorrosiva em nossas opera\u00e7\u00f5es, al\u00e9m de possibilitar ao parceiro a comercializa\u00e7\u00e3o da tecnologia no mercado. Prazo: O formul\u00e1rio de envio de propostas ficar\u00e1 dispon\u00edvel at\u00e9 30\/11\/2024Microc\u00e1psulas Inteligentes | Autorrepara\u00e7\u00e3o | Corros\u00e3o atmosf\u00e9rica | Ativos Setor El\u00e9tricoD\u00favidas:\u00a0D\u00favidas ou informa\u00e7\u00f5es adicionais mande e-mail identificando no assunto o T\u00edtulo deste Desafio para\u00a0innovationgrid@eletrobras.com Inscri\u00e7\u00f5es encerradas Inscri\u00e7\u00f5es abertas at\u00e9 30\/11<\/p>","protected":false},"author":4,"featured_media":0,"parent":0,"menu_order":0,"comment_status":"closed","ping_status":"closed","template":"elementor_header_footer","meta":{"footnotes":""},"class_list":["post-11590","page","type-page","status-publish","hentry"],"jetpack_sharing_enabled":true,"_links":{"self":[{"href":"https:\/\/eletrobrasinnovationgrid.com\/en\/wp-json\/wp\/v2\/pages\/11590","targetHints":{"allow":["GET"]}}],"collection":[{"href":"https:\/\/eletrobrasinnovationgrid.com\/en\/wp-json\/wp\/v2\/pages"}],"about":[{"href":"https:\/\/eletrobrasinnovationgrid.com\/en\/wp-json\/wp\/v2\/types\/page"}],"author":[{"embeddable":true,"href":"https:\/\/eletrobrasinnovationgrid.com\/en\/wp-json\/wp\/v2\/users\/4"}],"replies":[{"embeddable":true,"href":"https:\/\/eletrobrasinnovationgrid.com\/en\/wp-json\/wp\/v2\/comments?post=11590"}],"version-history":[{"count":0,"href":"https:\/\/eletrobrasinnovationgrid.com\/en\/wp-json\/wp\/v2\/pages\/11590\/revisions"}],"wp:attachment":[{"href":"https:\/\/eletrobrasinnovationgrid.com\/en\/wp-json\/wp\/v2\/media?parent=11590"}],"curies":[{"name":"wp","href":"https:\/\/api.w.org\/{rel}","templated":true}]}}