{"id":12556,"date":"2025-02-20T13:54:11","date_gmt":"2025-02-20T13:54:11","guid":{"rendered":"https:\/\/eletrobrasinnovationgrid.com\/?page_id=12556"},"modified":"2025-12-11T17:03:07","modified_gmt":"2025-12-11T17:03:07","slug":"tech-partnerships-sistema-eficiente-de-gestao-e-monitoramento-ambiental-sigma","status":"publish","type":"page","link":"https:\/\/eletrobrasinnovationgrid.com\/en\/tech-partnerships-sistema-eficiente-de-gestao-e-monitoramento-ambiental-sigma\/","title":{"rendered":"Tech Partnerships &#8211; Sistema Eficiente de Gest\u00e3o e Monitoramento Ambiental &#8211; SIGMA"},"content":{"rendered":"\t\t<div data-elementor-type=\"wp-page\" data-elementor-id=\"12556\" class=\"elementor elementor-12556\">\n\t\t\t\t\t\t<section class=\"elementor-section elementor-top-section elementor-element elementor-element-7d517b77 elementor-section-height-min-height ops-section she-header-yes elementor-hidden-desktop elementor-hidden-tablet elementor-hidden-mobile elementor-section-boxed elementor-section-height-default elementor-section-items-middle wpr-particle-no wpr-jarallax-no wpr-parallax-no wpr-sticky-section-no wpr-equal-height-no\" data-id=\"7d517b77\" data-element_type=\"section\" data-e-type=\"section\" data-settings=\"{&quot;background_background&quot;:&quot;classic&quot;,&quot;ekit_has_onepagescroll&quot;:&quot;section&quot;,&quot;transparent&quot;:&quot;yes&quot;,&quot;transparent_on&quot;:[&quot;desktop&quot;,&quot;tablet&quot;,&quot;mobile&quot;],&quot;scroll_distance&quot;:{&quot;unit&quot;:&quot;px&quot;,&quot;size&quot;:60,&quot;sizes&quot;:[]},&quot;scroll_distance_tablet&quot;:{&quot;unit&quot;:&quot;px&quot;,&quot;size&quot;:&quot;&quot;,&quot;sizes&quot;:[]},&quot;scroll_distance_mobile&quot;:{&quot;unit&quot;:&quot;px&quot;,&quot;size&quot;:&quot;&quot;,&quot;sizes&quot;:[]},&quot;she_offset_top&quot;:{&quot;unit&quot;:&quot;px&quot;,&quot;size&quot;:0,&quot;sizes&quot;:[]},&quot;she_offset_top_tablet&quot;:{&quot;unit&quot;:&quot;px&quot;,&quot;size&quot;:&quot;&quot;,&quot;sizes&quot;:[]},&quot;she_offset_top_mobile&quot;:{&quot;unit&quot;:&quot;px&quot;,&quot;size&quot;:&quot;&quot;,&quot;sizes&quot;:[]},&quot;she_width&quot;:{&quot;unit&quot;:&quot;%&quot;,&quot;size&quot;:100,&quot;sizes&quot;:[]},&quot;she_width_tablet&quot;:{&quot;unit&quot;:&quot;px&quot;,&quot;size&quot;:&quot;&quot;,&quot;sizes&quot;:[]},&quot;she_width_mobile&quot;:{&quot;unit&quot;:&quot;px&quot;,&quot;size&quot;:&quot;&quot;,&quot;sizes&quot;:[]},&quot;she_padding&quot;:{&quot;unit&quot;:&quot;px&quot;,&quot;top&quot;:0,&quot;right&quot;:&quot;&quot;,&quot;bottom&quot;:0,&quot;left&quot;:&quot;&quot;,&quot;isLinked&quot;:true},&quot;she_padding_tablet&quot;:{&quot;unit&quot;:&quot;px&quot;,&quot;top&quot;:&quot;&quot;,&quot;right&quot;:&quot;&quot;,&quot;bottom&quot;:&quot;&quot;,&quot;left&quot;:&quot;&quot;,&quot;isLinked&quot;:true},&quot;she_padding_mobile&quot;:{&quot;unit&quot;:&quot;px&quot;,&quot;top&quot;:&quot;&quot;,&quot;right&quot;:&quot;&quot;,&quot;bottom&quot;:&quot;&quot;,&quot;left&quot;:&quot;&quot;,&quot;isLinked&quot;:true}}\">\n\t\t\t\t\t\t<div class=\"elementor-container elementor-column-gap-default\">\n\t\t\t\t\t<div class=\"elementor-column elementor-col-100 elementor-top-column elementor-element elementor-element-7b45cb61\" data-id=\"7b45cb61\" data-element_type=\"column\" data-e-type=\"column\">\n\t\t\t<div class=\"elementor-widget-wrap elementor-element-populated\">\n\t\t\t\t\t\t<div class=\"elementor-element elementor-element-4e55a252 elementor-widget elementor-widget-ekit-nav-menu\" data-id=\"4e55a252\" data-element_type=\"widget\" data-e-type=\"widget\" data-widget_type=\"ekit-nav-menu.default\">\n\t\t\t\t<div class=\"elementor-widget-container\">\n\t\t\t\t\t\t\t<nav class=\"ekit-wid-con ekit_menu_responsive_tablet\"\n\t\t\tdata-hamburger-icon=\"\"\n\t\t\tdata-hamburger-icon-type=\"icon\"\n\t\t\tdata-responsive-breakpoint=\"1024\">\n\t\t\t            <button class=\"elementskit-menu-hamburger elementskit-menu-toggler\"  type=\"button\" aria-label=\"hamburger-icon\">\n                                    <span class=\"elementskit-menu-hamburger-icon\"><\/span><span class=\"elementskit-menu-hamburger-icon\"><\/span><span class=\"elementskit-menu-hamburger-icon\"><\/span>\n                            <\/button>\n            <div id=\"ekit-megamenu-powerup\" class=\"elementskit-menu-container elementskit-menu-offcanvas-elements elementskit-navbar-nav-default ekit-nav-menu-one-page-no ekit-nav-dropdown-hover\"><ul id=\"menu-powerup\" class=\"elementskit-navbar-nav elementskit-menu-po-center submenu-click-on-icon\"><li id=\"menu-item-9004\" class=\"menu-item menu-item-type-custom menu-item-object-custom menu-item-9004 nav-item elementskit-mobile-builder-content\" data-vertical-menu=750px><a href=\"https:\/\/eletrobrasinnovationgrid.com\/powerup\/#programa\" class=\"ekit-menu-nav-link\">Programa<\/a><\/li>\n<li id=\"menu-item-9005\" class=\"menu-item menu-item-type-custom menu-item-object-custom menu-item-9005 nav-item elementskit-mobile-builder-content\" data-vertical-menu=750px><a href=\"https:\/\/eletrobrasinnovationgrid.com\/powerup\/#desafios\" class=\"ekit-menu-nav-link\">Desafios<\/a><\/li>\n<li id=\"menu-item-9006\" class=\"menu-item menu-item-type-custom menu-item-object-custom menu-item-9006 nav-item elementskit-mobile-builder-content\" data-vertical-menu=750px><a href=\"https:\/\/eletrobrasinnovationgrid.com\/powerup\/#cronograma\" class=\"ekit-menu-nav-link\">Cronograma<\/a><\/li>\n<li id=\"menu-item-9007\" class=\"menu-item menu-item-type-custom menu-item-object-custom menu-item-9007 nav-item elementskit-mobile-builder-content\" data-vertical-menu=750px><a href=\"https:\/\/eletrobrasinnovationgrid.com\/powerup\/#participar\" class=\"ekit-menu-nav-link\">Por que participar<\/a><\/li>\n<li id=\"menu-item-9008\" class=\"menu-item menu-item-type-custom menu-item-object-custom menu-item-9008 nav-item elementskit-mobile-builder-content\" data-vertical-menu=750px><a href=\"https:\/\/eletrobrasinnovationgrid.com\/powerup\/#faq\" class=\"ekit-menu-nav-link\">F.A.Q.<\/a><\/li>\n<li id=\"menu-item-9009\" class=\"menu-item menu-item-type-custom menu-item-object-custom menu-item-9009 nav-item elementskit-mobile-builder-content\" data-vertical-menu=750px><a href=\"https:\/\/eletrobrasinnovationgrid.com\/powerup\/#sobre\" class=\"ekit-menu-nav-link\">Sobre<\/a><\/li>\n<li id=\"menu-item-9010\" class=\"menu-item menu-item-type-custom menu-item-object-custom menu-item-9010 nav-item elementskit-mobile-builder-content\" data-vertical-menu=750px><a href=\"https:\/\/eletrobrasinnovationgrid.com\/\" class=\"ekit-menu-nav-link\">Innovation Grid<\/a><\/li>\n<\/ul><div class=\"elementskit-nav-identity-panel\"><button class=\"elementskit-menu-close elementskit-menu-toggler\" type=\"button\">X<\/button><\/div><\/div>\n\t\t\t<div class=\"elementskit-menu-overlay elementskit-menu-offcanvas-elements elementskit-menu-toggler ekit-nav-menu--overlay\"><\/div>        <\/nav>\n\t\t\t\t\t\t<\/div>\n\t\t\t\t<\/div>\n\t\t\t\t\t<\/div>\n\t\t<\/div>\n\t\t\t\t\t<\/div>\n\t\t<\/section>\n\t\t\t\t<section class=\"elementor-section elementor-top-section elementor-element elementor-element-56418444 elementor-section-height-min-height elementor-section-boxed elementor-section-height-default elementor-section-items-middle wpr-particle-no wpr-jarallax-no wpr-parallax-no wpr-sticky-section-no wpr-equal-height-no\" data-id=\"56418444\" data-element_type=\"section\" data-e-type=\"section\" data-settings=\"{&quot;background_background&quot;:&quot;classic&quot;,&quot;shape_divider_bottom&quot;:&quot;waves&quot;}\">\n\t\t\t\t\t\t\t<div class=\"elementor-background-overlay\"><\/div>\n\t\t\t\t\t\t<div class=\"elementor-shape elementor-shape-bottom\" aria-hidden=\"true\" data-negative=\"false\">\n\t\t\t<svg xmlns=\"http:\/\/www.w3.org\/2000\/svg\" viewBox=\"0 0 1000 100\" preserveAspectRatio=\"none\">\n\t<path class=\"elementor-shape-fill\" d=\"M421.9,6.5c22.6-2.5,51.5,0.4,75.5,5.3c23.6,4.9,70.9,23.5,100.5,35.7c75.8,32.2,133.7,44.5,192.6,49.7\n\tc23.6,2.1,48.7,3.5,103.4-2.5c54.7-6,106.2-25.6,106.2-25.6V0H0v30.3c0,0,72,32.6,158.4,30.5c39.2-0.7,92.8-6.7,134-22.4\n\tc21.2-8.1,52.2-18.2,79.7-24.2C399.3,7.9,411.6,7.5,421.9,6.5z\"\/>\n<\/svg>\t\t<\/div>\n\t\t\t\t\t<div class=\"elementor-container elementor-column-gap-default\">\n\t\t\t\t\t<div class=\"elementor-column elementor-col-100 elementor-top-column elementor-element elementor-element-18bb39d7\" data-id=\"18bb39d7\" data-element_type=\"column\" data-e-type=\"column\">\n\t\t\t<div class=\"elementor-widget-wrap elementor-element-populated\">\n\t\t\t\t\t\t<section class=\"elementor-section elementor-inner-section elementor-element elementor-element-4eba4c4d elementor-section-boxed elementor-section-height-default elementor-section-height-default wpr-particle-no wpr-jarallax-no wpr-parallax-no wpr-sticky-section-no wpr-equal-height-no\" data-id=\"4eba4c4d\" data-element_type=\"section\" data-e-type=\"section\">\n\t\t\t\t\t\t<div class=\"elementor-container elementor-column-gap-default\">\n\t\t\t\t\t<div class=\"elementor-column elementor-col-100 elementor-inner-column elementor-element elementor-element-764db9e7\" data-id=\"764db9e7\" data-element_type=\"column\" data-e-type=\"column\">\n\t\t\t<div class=\"elementor-widget-wrap elementor-element-populated\">\n\t\t\t\t\t\t<div class=\"elementor-element elementor-element-4606eae0 elementor-widget elementor-widget-heading\" data-id=\"4606eae0\" data-element_type=\"widget\" data-e-type=\"widget\" data-widget_type=\"heading.default\">\n\t\t\t\t<div class=\"elementor-widget-container\">\n\t\t\t\t\t<h2 class=\"elementor-heading-title elementor-size-default\">Sistema Eficiente de Gest\u00e3o e Monitoramento Ambiental - SIGMA<\/h2>\t\t\t\t<\/div>\n\t\t\t\t<\/div>\n\t\t\t\t\t<\/div>\n\t\t<\/div>\n\t\t\t\t\t<\/div>\n\t\t<\/section>\n\t\t\t\t<section class=\"elementor-section elementor-inner-section elementor-element elementor-element-a2952b8 elementor-section-boxed elementor-section-height-default elementor-section-height-default wpr-particle-no wpr-jarallax-no wpr-parallax-no wpr-sticky-section-no wpr-equal-height-no\" data-id=\"a2952b8\" data-element_type=\"section\" data-e-type=\"section\">\n\t\t\t\t\t\t<div class=\"elementor-container elementor-column-gap-default\">\n\t\t\t\t\t<div class=\"elementor-column elementor-col-100 elementor-inner-column elementor-element elementor-element-c1a7bd0\" data-id=\"c1a7bd0\" data-element_type=\"column\" data-e-type=\"column\">\n\t\t\t<div class=\"elementor-widget-wrap elementor-element-populated\">\n\t\t\t\t\t\t<div class=\"elementor-element elementor-element-748b919d elementor-align-center elementor-widget elementor-widget-button\" data-id=\"748b919d\" data-element_type=\"widget\" data-e-type=\"widget\" data-widget_type=\"button.default\">\n\t\t\t\t<div class=\"elementor-widget-container\">\n\t\t\t\t\t\t\t\t\t<div class=\"elementor-button-wrapper\">\n\t\t\t\t\t<a class=\"elementor-button elementor-button-link elementor-size-sm elementor-animation-grow\" href=\"#desafioaberto\" target=\"_blank\">\n\t\t\t\t\t\t<span class=\"elementor-button-content-wrapper\">\n\t\t\t\t\t\t<span class=\"elementor-button-icon\">\n\t\t\t\t<i aria-hidden=\"true\" class=\"icon icon-download-arrow\"><\/i>\t\t\t<\/span>\n\t\t\t\t\t\t\t\t\t<span class=\"elementor-button-text\">Saiba mais sobre o desafio<\/span>\n\t\t\t\t\t<\/span>\n\t\t\t\t\t<\/a>\n\t\t\t\t<\/div>\n\t\t\t\t\t\t\t\t<\/div>\n\t\t\t\t<\/div>\n\t\t\t\t\t<\/div>\n\t\t<\/div>\n\t\t\t\t\t<\/div>\n\t\t<\/section>\n\t\t\t\t\t<\/div>\n\t\t<\/div>\n\t\t\t\t\t<\/div>\n\t\t<\/section>\n\t\t\t\t<section class=\"elementor-section elementor-top-section elementor-element elementor-element-a408bbc elementor-section-boxed elementor-section-height-default elementor-section-height-default wpr-particle-no wpr-jarallax-no wpr-parallax-no wpr-sticky-section-no wpr-equal-height-no\" data-id=\"a408bbc\" data-element_type=\"section\" data-e-type=\"section\">\n\t\t\t\t\t\t<div class=\"elementor-container elementor-column-gap-default\">\n\t\t\t\t\t<div class=\"elementor-column elementor-col-100 elementor-top-column elementor-element elementor-element-f1c4433\" data-id=\"f1c4433\" data-element_type=\"column\" data-e-type=\"column\">\n\t\t\t<div class=\"elementor-widget-wrap elementor-element-populated\">\n\t\t\t\t\t\t<div class=\"elementor-element elementor-element-68e1a6a elementor-widget elementor-widget-text-editor\" data-id=\"68e1a6a\" data-element_type=\"widget\" data-e-type=\"widget\" data-widget_type=\"text-editor.default\">\n\t\t\t\t<div class=\"elementor-widget-container\">\n\t\t\t\t\t\t\t\t\t<p><a style=\"color: #0072c6; text-decoration: none;\" href=\"https:\/\/eletrobrasinnovationgrid.com\/\">Home<\/a> &gt; <a style=\"color: #0072c6; text-decoration: none;\" href=\"https:\/\/eletrobrasinnovationgrid.com\/tech-partnerships\/\">Tech Partnerships<\/a> &gt; <b>Desafio em andamento<\/b><\/p>\t\t\t\t\t\t\t\t<\/div>\n\t\t\t\t<\/div>\n\t\t\t\t<div class=\"elementor-element elementor-element-973ec81 elementor-widget elementor-widget-menu-anchor\" data-id=\"973ec81\" data-element_type=\"widget\" data-e-type=\"widget\" data-widget_type=\"menu-anchor.default\">\n\t\t\t\t<div class=\"elementor-widget-container\">\n\t\t\t\t\t\t\t<div class=\"elementor-menu-anchor\" id=\"desafioaberto\"><\/div>\n\t\t\t\t\t\t<\/div>\n\t\t\t\t<\/div>\n\t\t\t\t<section class=\"elementor-section elementor-inner-section elementor-element elementor-element-58db1c2 elementor-section-boxed elementor-section-height-default elementor-section-height-default wpr-particle-no wpr-jarallax-no wpr-parallax-no wpr-sticky-section-no wpr-equal-height-no\" data-id=\"58db1c2\" data-element_type=\"section\" data-e-type=\"section\">\n\t\t\t\t\t\t<div class=\"elementor-container elementor-column-gap-default\">\n\t\t\t\t\t<div class=\"elementor-column elementor-col-50 elementor-inner-column elementor-element elementor-element-49c3175\" data-id=\"49c3175\" data-element_type=\"column\" data-e-type=\"column\">\n\t\t\t<div class=\"elementor-widget-wrap elementor-element-populated\">\n\t\t\t\t\t\t<div class=\"elementor-element elementor-element-c2b03fa elementor-view-default elementor-widget elementor-widget-icon\" data-id=\"c2b03fa\" data-element_type=\"widget\" data-e-type=\"widget\" data-widget_type=\"icon.default\">\n\t\t\t\t<div class=\"elementor-widget-container\">\n\t\t\t\t\t\t\t<div class=\"elementor-icon-wrapper\">\n\t\t\t<div class=\"elementor-icon\">\n\t\t\t<i aria-hidden=\"true\" class=\"fas fa-tree\"><\/i>\t\t\t<\/div>\n\t\t<\/div>\n\t\t\t\t\t\t<\/div>\n\t\t\t\t<\/div>\n\t\t\t\t\t<\/div>\n\t\t<\/div>\n\t\t\t\t<div class=\"elementor-column elementor-col-50 elementor-inner-column elementor-element elementor-element-ba82bc6\" data-id=\"ba82bc6\" data-element_type=\"column\" data-e-type=\"column\">\n\t\t\t<div class=\"elementor-widget-wrap elementor-element-populated\">\n\t\t\t\t\t\t<div class=\"elementor-element elementor-element-8765f9f elementor-widget elementor-widget-heading\" data-id=\"8765f9f\" data-element_type=\"widget\" data-e-type=\"widget\" data-widget_type=\"heading.default\">\n\t\t\t\t<div class=\"elementor-widget-container\">\n\t\t\t\t\t<h2 class=\"elementor-heading-title elementor-size-default\">Sistema Eficiente de Gest\u00e3o e Monitoramento Ambiental - SIGMA<\/h2>\t\t\t\t<\/div>\n\t\t\t\t<\/div>\n\t\t\t\t<div class=\"elementor-element elementor-element-6c70a0a elementor-widget elementor-widget-text-editor\" data-id=\"6c70a0a\" data-element_type=\"widget\" data-e-type=\"widget\" data-widget_type=\"text-editor.default\">\n\t\t\t\t<div class=\"elementor-widget-container\">\n\t\t\t\t\t\t\t\t\t<strong>Sponsor: <a href=\"https:\/\/www.linkedin.com\/in\/karinne-pereira-de-siqueira-260ba41a8\/\" target=\"_blank\" rel=\"noopener\">Karinne Pereira de Siqueira<\/a><\/strong><br>\n<strong>L\u00edder: <a href=\"https:\/\/www.linkedin.com\/in\/roberta-falc%C3%A3o-c-paes-09446343\/\" target=\"_blank\" rel=\"noopener\">Roberta Falc\u00e3o de Cerqueira Paes<\/a><\/strong>\t\t\t\t\t\t\t\t<\/div>\n\t\t\t\t<\/div>\n\t\t\t\t<div class=\"elementor-element elementor-element-f6bef63 elementor-widget elementor-widget-heading\" data-id=\"f6bef63\" data-element_type=\"widget\" data-e-type=\"widget\" data-widget_type=\"heading.default\">\n\t\t\t\t<div class=\"elementor-widget-container\">\n\t\t\t\t\t<h4 class=\"elementor-heading-title elementor-size-default\">Como podemos otimizar a gest\u00e3o ambiental de licen\u00e7as, condicionantes e contratos dos ativos da AXIA Energia, atrav\u00e9s de uma solu\u00e7\u00e3o robusta e eficiente utilizando intelig\u00eancia artificial? <\/h4>\t\t\t\t<\/div>\n\t\t\t\t<\/div>\n\t\t\t\t<div class=\"elementor-element elementor-element-cef0d4a elementor-widget elementor-widget-text-editor\" data-id=\"cef0d4a\" data-element_type=\"widget\" data-e-type=\"widget\" data-widget_type=\"text-editor.default\">\n\t\t\t\t<div class=\"elementor-widget-container\">\n\t\t\t\t\t\t\t\t\t<p>O crescente aumento das exig\u00eancias ambientais e a complexidade dos processos regulat\u00f3rios t\u00eam gerado desafios significativos para empresas do setor de energia, especialmente para aquelas envolvidas na gera\u00e7\u00e3o e transmiss\u00e3o. A necessidade de atendimento a normas e regulamenta\u00e7\u00f5es ambientais, associada \u00e0 gest\u00e3o eficaz das licen\u00e7as e condicionantes, demanda uma abordagem mais \u00e1gil e precisa.<br>\n<br><br>A ampla quantidade de ativos da&nbsp;AXIA Energia configura um desafio, mas tamb\u00e9m uma oportunidade estrat\u00e9gica. Cada ativo possui particularidades regionais (diferentes biomas, legisla\u00e7\u00f5es federais, estaduais e municipais, metodologias de licenciamento, entre outros) que dificultam a uniformiza\u00e7\u00e3o de processos de controle. Neste contexto, buscamos proposta de solu\u00e7\u00e3o para otimizar a gest\u00e3o de licen\u00e7as e condicionantes ambientais dos empreendimentos e ativos das empresas&nbsp;AXIA Energia a partir de um processo de clusteriza\u00e7\u00e3o adotando premissas e requisitos espec\u00edficos como: Localiza\u00e7\u00e3o geogr\u00e1fica; Prazos e renova\u00e7\u00f5es; Empresas contratadas envolvidas; Condi\u00e7\u00f5es impostas pelas \u00f3rg\u00e3os ambientais.<br>\n<br><br>A solu\u00e7\u00e3o deve automatizar a extra\u00e7\u00e3o, classifica\u00e7\u00e3o e an\u00e1lise das informa\u00e7\u00f5es contidas nas licen\u00e7as ambientais (arquivos .pdf) (baseado nos requisitos legais, \u00f3rg\u00e3o licenciador, escopo do programa ambiental, localiza\u00e7\u00e3o geogr\u00e1fica, dentre outros), unificando contratos e processos de programas ambientais, permitindo uma gest\u00e3o integrada e eficiente.&nbsp; Al\u00e9m disso, dever\u00e1 possuir dashboard com indicadores estrat\u00e9gicos,  ferramenta para gera\u00e7\u00e3o de relat\u00f3rios detalhados, anal\u00edticos e customiz\u00e1veis para diferentes n\u00edveis de gest\u00e3o, permitindo que as equipes avaliem o desempenho e a conformidade ambiental de forma eficaz. Relat\u00f3rios de impacto ambiental e de custos dever\u00e3o ser facilmente acess\u00edveis e compreens\u00edveis, apoiando a tomada de decis\u00e3o estrat\u00e9gica.<br>\n<br><br><b>Prazo:<\/b> O formul\u00e1rio de envio de propostas ficar\u00e1 dispon\u00edvel at\u00e9 <b>14\/03\/2025<\/b>.<\/p>\n<p><b>D\u00favidas: D\u00favidas ou informa\u00e7\u00f5es adicionais mande e-mail identificando no assunto o T\u00edtulo deste Desafio para innovationgrid@eletrobras.com<\/b><\/p>\t\t\t\t\t\t\t\t<\/div>\n\t\t\t\t<\/div>\n\t\t\t\t<div class=\"elementor-element elementor-element-0edb506 elementor-widget elementor-widget-text-editor\" data-id=\"0edb506\" data-element_type=\"widget\" data-e-type=\"widget\" data-widget_type=\"text-editor.default\">\n\t\t\t\t<div class=\"elementor-widget-container\">\n\t\t\t\t\t\t\t\t\t<p><b style=\"color: #007bff; font-weight: 400;\">Gest\u00e3o Ambiental Integrada<\/b>\u00a0| <b style=\"color: #007bff; font-weight: 400;\">Licen\u00e7as<\/b> | <b style=\"color: #007bff; font-weight: 400;\">Condicionantes<\/b> | <b style=\"color: #007bff; font-weight: 400;\">Ativos Gera\u00e7\u00e3o<\/b> | <b style=\"color: #007bff; font-weight: 400;\">Ativos de Transmiss\u00e3o<\/b> | <b style=\"color: #007bff; font-weight: 400;\">Monitoramento<\/b> | <b style=\"color: #007bff; font-weight: 400;\">Intelig\u00eancia Artificial (IA)<\/b><\/p>\t\t\t\t\t\t\t\t<\/div>\n\t\t\t\t<\/div>\n\t\t\t\t<div class=\"elementor-element elementor-element-0d0d5b9 elementor-align-left elementor-widget elementor-widget-button\" data-id=\"0d0d5b9\" data-element_type=\"widget\" data-e-type=\"widget\" data-widget_type=\"button.default\">\n\t\t\t\t<div class=\"elementor-widget-container\">\n\t\t\t\t\t\t\t\t\t<div class=\"elementor-button-wrapper\">\n\t\t\t\t\t<a class=\"elementor-button elementor-size-sm\" role=\"button\">\n\t\t\t\t\t\t<span class=\"elementor-button-content-wrapper\">\n\t\t\t\t\t\t\t\t\t<span class=\"elementor-button-text\">Inscri\u00e7\u00f5es encerradas<\/span>\n\t\t\t\t\t<\/span>\n\t\t\t\t\t<\/a>\n\t\t\t\t<\/div>\n\t\t\t\t\t\t\t\t<\/div>\n\t\t\t\t<\/div>\n\t\t\t\t<div class=\"elementor-element elementor-element-8023f70 elementor-align-left elementor-hidden-desktop elementor-hidden-tablet elementor-hidden-mobile elementor-widget elementor-widget-button\" data-id=\"8023f70\" data-element_type=\"widget\" data-e-type=\"widget\" data-widget_type=\"button.default\">\n\t\t\t\t<div class=\"elementor-widget-container\">\n\t\t\t\t\t\t\t\t\t<div class=\"elementor-button-wrapper\">\n\t\t\t\t\t<a class=\"elementor-button elementor-button-link elementor-size-sm\" href=\"https:\/\/eletrobras.aevoinnovate.net\/#\/startup\/invite\/3f6249fb-7e84-4249-953c-ad251dffe77b\" target=\"_blank\">\n\t\t\t\t\t\t<span class=\"elementor-button-content-wrapper\">\n\t\t\t\t\t\t\t\t\t<span class=\"elementor-button-text\">Inscri\u00e7\u00f5es abertas at\u00e9 14\/03<\/span>\n\t\t\t\t\t<\/span>\n\t\t\t\t\t<\/a>\n\t\t\t\t<\/div>\n\t\t\t\t\t\t\t\t<\/div>\n\t\t\t\t<\/div>\n\t\t\t\t\t<\/div>\n\t\t<\/div>\n\t\t\t\t\t<\/div>\n\t\t<\/section>\n\t\t\t\t\t<\/div>\n\t\t<\/div>\n\t\t\t\t\t<\/div>\n\t\t<\/section>\n\t\t\t\t<\/div>\n\t\t","protected":false},"excerpt":{"rendered":"<p>Programa Desafios Cronograma Por que participar F.A.Q. Sobre Innovation Grid X Sistema Eficiente de Gest\u00e3o e Monitoramento Ambiental &#8211; SIGMA Saiba mais sobre o desafio Home &gt; Tech Partnerships &gt; Desafio em andamento Sistema Eficiente de Gest\u00e3o e Monitoramento Ambiental &#8211; SIGMA Sponsor: Karinne Pereira de Siqueira L\u00edder: Roberta Falc\u00e3o de Cerqueira Paes Como podemos otimizar a gest\u00e3o ambiental de licen\u00e7as, condicionantes e contratos dos ativos da AXIA Energia, atrav\u00e9s de uma solu\u00e7\u00e3o robusta e eficiente utilizando intelig\u00eancia artificial? O crescente aumento das exig\u00eancias ambientais e a complexidade dos processos regulat\u00f3rios t\u00eam gerado desafios significativos para empresas do setor de energia, especialmente para aquelas envolvidas na gera\u00e7\u00e3o e transmiss\u00e3o. A necessidade de atendimento a normas e regulamenta\u00e7\u00f5es ambientais, associada \u00e0 gest\u00e3o eficaz das licen\u00e7as e condicionantes, demanda uma abordagem mais \u00e1gil e precisa. A ampla quantidade de ativos da&nbsp;AXIA Energia configura um desafio, mas tamb\u00e9m uma oportunidade estrat\u00e9gica. Cada ativo possui particularidades regionais (diferentes biomas, legisla\u00e7\u00f5es federais, estaduais e municipais, metodologias de licenciamento, entre outros) que dificultam a uniformiza\u00e7\u00e3o de processos de controle. Neste contexto, buscamos proposta de solu\u00e7\u00e3o para otimizar a gest\u00e3o de licen\u00e7as e condicionantes ambientais dos empreendimentos e ativos das empresas&nbsp;AXIA Energia a partir de um processo de clusteriza\u00e7\u00e3o adotando premissas e requisitos espec\u00edficos como: Localiza\u00e7\u00e3o geogr\u00e1fica; Prazos e renova\u00e7\u00f5es; Empresas contratadas envolvidas; Condi\u00e7\u00f5es impostas pelas \u00f3rg\u00e3os ambientais. A solu\u00e7\u00e3o deve automatizar a extra\u00e7\u00e3o, classifica\u00e7\u00e3o e an\u00e1lise das informa\u00e7\u00f5es contidas nas licen\u00e7as ambientais (arquivos .pdf) (baseado nos requisitos legais, \u00f3rg\u00e3o licenciador, escopo do programa ambiental, localiza\u00e7\u00e3o geogr\u00e1fica, dentre outros), unificando contratos e processos de programas ambientais, permitindo uma gest\u00e3o integrada e eficiente.&nbsp; Al\u00e9m disso, dever\u00e1 possuir dashboard com indicadores estrat\u00e9gicos, ferramenta para gera\u00e7\u00e3o de relat\u00f3rios detalhados, anal\u00edticos e customiz\u00e1veis para diferentes n\u00edveis de gest\u00e3o, permitindo que as equipes avaliem o desempenho e a conformidade ambiental de forma eficaz. Relat\u00f3rios de impacto ambiental e de custos dever\u00e3o ser facilmente acess\u00edveis e compreens\u00edveis, apoiando a tomada de decis\u00e3o estrat\u00e9gica. Prazo: O formul\u00e1rio de envio de propostas ficar\u00e1 dispon\u00edvel at\u00e9 14\/03\/2025. D\u00favidas: D\u00favidas ou informa\u00e7\u00f5es adicionais mande e-mail identificando no assunto o T\u00edtulo deste Desafio para innovationgrid@eletrobras.com Gest\u00e3o Ambiental Integrada\u00a0| Licen\u00e7as | Condicionantes | Ativos Gera\u00e7\u00e3o | Ativos de Transmiss\u00e3o | Monitoramento | Intelig\u00eancia Artificial (IA) Inscri\u00e7\u00f5es encerradas Inscri\u00e7\u00f5es abertas at\u00e9 14\/03<\/p>","protected":false},"author":4,"featured_media":0,"parent":0,"menu_order":0,"comment_status":"closed","ping_status":"closed","template":"elementor_header_footer","meta":{"footnotes":""},"class_list":["post-12556","page","type-page","status-publish","hentry"],"jetpack_sharing_enabled":true,"_links":{"self":[{"href":"https:\/\/eletrobrasinnovationgrid.com\/en\/wp-json\/wp\/v2\/pages\/12556","targetHints":{"allow":["GET"]}}],"collection":[{"href":"https:\/\/eletrobrasinnovationgrid.com\/en\/wp-json\/wp\/v2\/pages"}],"about":[{"href":"https:\/\/eletrobrasinnovationgrid.com\/en\/wp-json\/wp\/v2\/types\/page"}],"author":[{"embeddable":true,"href":"https:\/\/eletrobrasinnovationgrid.com\/en\/wp-json\/wp\/v2\/users\/4"}],"replies":[{"embeddable":true,"href":"https:\/\/eletrobrasinnovationgrid.com\/en\/wp-json\/wp\/v2\/comments?post=12556"}],"version-history":[{"count":0,"href":"https:\/\/eletrobrasinnovationgrid.com\/en\/wp-json\/wp\/v2\/pages\/12556\/revisions"}],"wp:attachment":[{"href":"https:\/\/eletrobrasinnovationgrid.com\/en\/wp-json\/wp\/v2\/media?parent=12556"}],"curies":[{"name":"wp","href":"https:\/\/api.w.org\/{rel}","templated":true}]}}