{"id":6998,"date":"2023-08-12T18:07:53","date_gmt":"2023-08-12T18:07:53","guid":{"rendered":"https:\/\/eletrobrasinnovationgrid.com\/?page_id=6998"},"modified":"2023-08-14T22:59:08","modified_gmt":"2023-08-14T22:59:08","slug":"app-furnas-edu-4-0","status":"publish","type":"page","link":"https:\/\/eletrobrasinnovationgrid.com\/en\/app-furnas-edu-4-0\/","title":{"rendered":"App Furnas Edu 4.0"},"content":{"rendered":"<div data-elementor-type=\"wp-page\" data-elementor-id=\"6998\" class=\"elementor elementor-6998\">\n\t\t\t\t\t\t<section class=\"elementor-section elementor-top-section elementor-element elementor-element-0ec0ae1 elementor-section-boxed elementor-section-height-default elementor-section-height-default wpr-particle-no wpr-jarallax-no wpr-parallax-no wpr-sticky-section-no wpr-equal-height-no\" data-id=\"0ec0ae1\" data-element_type=\"section\" data-e-type=\"section\" data-settings=\"{&quot;background_background&quot;:&quot;classic&quot;}\">\n\t\t\t\t\t\t<div class=\"elementor-container elementor-column-gap-default\">\n\t\t\t\t\t<div class=\"elementor-column elementor-col-100 elementor-top-column elementor-element elementor-element-2ac78d8\" data-id=\"2ac78d8\" data-element_type=\"column\" data-e-type=\"column\">\n\t\t\t<div class=\"elementor-widget-wrap\">\n\t\t\t\t\t\t\t<\/div>\n\t\t<\/div>\n\t\t\t\t\t<\/div>\n\t\t<\/section>\n\t\t\t\t<section class=\"elementor-section elementor-top-section elementor-element elementor-element-2c87945 elementor-section-full_width elementor-section-height-default elementor-section-height-default wpr-particle-no wpr-jarallax-no wpr-parallax-no wpr-sticky-section-no wpr-equal-height-no\" data-id=\"2c87945\" data-element_type=\"section\" data-e-type=\"section\" data-settings=\"{&quot;background_background&quot;:&quot;classic&quot;,&quot;shape_divider_top&quot;:&quot;curve-asymmetrical&quot;,&quot;shape_divider_top_negative&quot;:&quot;yes&quot;,&quot;shape_divider_bottom&quot;:&quot;waves&quot;}\">\n\t\t\t\t\t<div class=\"elementor-shape elementor-shape-top\" aria-hidden=\"true\" data-negative=\"true\">\n\t\t\t<svg xmlns=\"http:\/\/www.w3.org\/2000\/svg\" viewbox=\"0 0 1000 100\" preserveaspectratio=\"none\">\n\t<path class=\"elementor-shape-fill\" d=\"M615.2,96.7C240.2,97.8,0,18.9,0,0v100h1000V0C1000,19.2,989.8,96,615.2,96.7z\"\/>\n<\/svg>\t\t<\/div>\n\t\t\t\t<div class=\"elementor-shape elementor-shape-bottom\" aria-hidden=\"true\" data-negative=\"false\">\n\t\t\t<svg xmlns=\"http:\/\/www.w3.org\/2000\/svg\" viewbox=\"0 0 1000 100\" preserveaspectratio=\"none\">\n\t<path class=\"elementor-shape-fill\" d=\"M421.9,6.5c22.6-2.5,51.5,0.4,75.5,5.3c23.6,4.9,70.9,23.5,100.5,35.7c75.8,32.2,133.7,44.5,192.6,49.7\tc23.6,2.1,48.7,3.5,103.4-2.5c54.7-6,106.2-25.6,106.2-25.6V0H0v30.3c0,0,72,32.6,158.4,30.5c39.2-0.7,92.8-6.7,134-22.4\tc21.2-8.1,52.2-18.2,79.7-24.2C399.3,7.9,411.6,7.5,421.9,6.5z\"\/>\n<\/svg>\t\t<\/div>\n\t\t\t\t\t<div class=\"elementor-container elementor-column-gap-default\">\n\t\t\t\t\t<div class=\"elementor-column elementor-col-100 elementor-top-column elementor-element elementor-element-6a0cded\" data-id=\"6a0cded\" data-element_type=\"column\" data-e-type=\"column\">\n\t\t\t<div class=\"elementor-widget-wrap elementor-element-populated\">\n\t\t\t\t\t\t<div class=\"elementor-element elementor-element-7a1a85b elementor-widget elementor-widget-page-title\" data-id=\"7a1a85b\" data-element_type=\"widget\" data-e-type=\"widget\" data-settings=\"{&quot;align&quot;:&quot;center&quot;}\" data-widget_type=\"page-title.default\">\n\t\t\t\t<div class=\"elementor-widget-container\">\n\t\t\t\t\t\t\t\n\t\t<div class=\"hfe-page-title hfe-page-title-wrapper elementor-widget-heading\">\n\n\t\t\t\t\t\t\t\t\t\t\t<a href=\"https:\/\/eletrobrasinnovationgrid.com\/en\">\n\t\t\t\t\t\t<h1 class=\"elementor-heading-title elementor-size-default\">\n\t\t\t\t\t\t\t\t\n\t\t\t\tApp Furnas Edu 4.0  \n\t\t\t<\/h1> \n\t\t\t\t\t\t\t\t\t<\/a>\n\t\t\t\t\t<\/div>\n\t\t\t\t\t\t<\/div>\n\t\t\t\t<\/div>\n\t\t\t\t\t<\/div>\n\t\t<\/div>\n\t\t\t\t\t<\/div>\n\t\t<\/section>\n\t\t\t\t<section class=\"elementor-section elementor-top-section elementor-element elementor-element-0ba17e6 elementor-section-full_width elementor-section-height-default elementor-section-height-default wpr-particle-no wpr-jarallax-no wpr-parallax-no wpr-sticky-section-no wpr-equal-height-no\" data-id=\"0ba17e6\" data-element_type=\"section\" data-e-type=\"section\">\n\t\t\t\t\t\t<div class=\"elementor-container elementor-column-gap-default\">\n\t\t\t\t\t<div class=\"elementor-column elementor-col-50 elementor-top-column elementor-element elementor-element-3a60dc9\" data-id=\"3a60dc9\" data-element_type=\"column\" data-e-type=\"column\">\n\t\t\t<div class=\"elementor-widget-wrap elementor-element-populated\">\n\t\t\t\t\t\t<div class=\"elementor-element elementor-element-35a7b0a elementor-widget elementor-widget-heading\" data-id=\"35a7b0a\" data-element_type=\"widget\" data-e-type=\"widget\" data-widget_type=\"heading.default\">\n\t\t\t\t<div class=\"elementor-widget-container\">\n\t\t\t\t\t<h2 class=\"elementor-heading-title elementor-size-default\">Description<\/h2>\t\t\t\t<\/div>\n\t\t\t\t<\/div>\n\t\t\t\t<div class=\"elementor-element elementor-element-bd2b8bc elementor-widget elementor-widget-text-editor\" data-id=\"bd2b8bc\" data-element_type=\"widget\" data-e-type=\"widget\" data-widget_type=\"text-editor.default\">\n\t\t\t\t<div class=\"elementor-widget-container\">\n\t\t\t\t\t\t\t\t\t<p>\u2013 Creation of a corporate education streaming service at Furnas<br>\u2013 Posting of short video training (pills) produced by employees as a way of spreading and managing knowledge<br>\u2013 Easy-to-use Android and iOS apps in the palm of your hand<br>\u2013 Meritocracy and evidence for employees who are specialists or develop good safety practices in the routines of the operation or various activities such as SAP operation, etc<\/p>\t\t\t\t\t\t\t\t<\/div>\n\t\t\t\t<\/div>\n\t\t\t\t\t<\/div>\n\t\t<\/div>\n\t\t\t\t<div class=\"elementor-column elementor-col-50 elementor-top-column elementor-element elementor-element-c84dfa2\" data-id=\"c84dfa2\" data-element_type=\"column\" data-e-type=\"column\">\n\t\t\t<div class=\"elementor-widget-wrap elementor-element-populated\">\n\t\t\t\t\t\t<div class=\"elementor-element elementor-element-d823561 elementor-widget elementor-widget-image\" data-id=\"d823561\" data-element_type=\"widget\" data-e-type=\"widget\" data-widget_type=\"image.default\">\n\t\t\t\t<div class=\"elementor-widget-container\">\n\t\t\t\t\t\t\t\t\t\t\t\t\t\t\t<img fetchpriority=\"high\" decoding=\"async\" width=\"1024\" height=\"576\" src=\"https:\/\/eletrobrasinnovationgrid.com\/wp-content\/uploads\/2023\/08\/Comunicacao-Furnas-Edu-4.0-1024x576.jpg\" class=\"attachment-large size-large wp-image-9204\" alt=\"\" srcset=\"https:\/\/eletrobrasinnovationgrid.com\/wp-content\/uploads\/2023\/08\/Comunicacao-Furnas-Edu-4.0-1024x576.jpg 1024w, https:\/\/eletrobrasinnovationgrid.com\/wp-content\/uploads\/2023\/08\/Comunicacao-Furnas-Edu-4.0-300x169.jpg 300w, https:\/\/eletrobrasinnovationgrid.com\/wp-content\/uploads\/2023\/08\/Comunicacao-Furnas-Edu-4.0-768x432.jpg 768w, https:\/\/eletrobrasinnovationgrid.com\/wp-content\/uploads\/2023\/08\/Comunicacao-Furnas-Edu-4.0.jpg 1280w\" sizes=\"(max-width: 1024px) 100vw, 1024px\" \/>\t\t\t\t\t\t\t\t\t\t\t\t\t\t\t<\/div>\n\t\t\t\t<\/div>\n\t\t\t\t\t<\/div>\n\t\t<\/div>\n\t\t\t\t\t<\/div>\n\t\t<\/section>\n\t\t\t\t<\/div>","protected":false},"excerpt":{"rendered":"<p>App Furnas Edu 4.0 Descri\u00e7\u00e3o &#8211; Cria\u00e7\u00e3o de um streaming de Educa\u00e7\u00e3o Corporativa em Furnas.&#8211; Publica\u00e7\u00e3o de treinamentos curtos em v\u00eddeo (p\u00edlulas) produzidos por colaboradores como forma de dissemina\u00e7\u00e3o e gest\u00e3o do conhecimento.&#8211; Aplicativo Android e iOS f\u00e1cil de usar e na palma da m\u00e3o.&#8211; Meritocracia e evid\u00eancia para colaboradores que s\u00e3o especialistas ou desenvolvem boas pr\u00e1ticas de seguran\u00e7a nas rotinas da opera\u00e7\u00e3o ou de atividades diversas como opera\u00e7\u00e3o SAP, etc.<\/p>","protected":false},"author":4,"featured_media":0,"parent":0,"menu_order":0,"comment_status":"closed","ping_status":"closed","template":"elementor_header_footer","meta":{"footnotes":""},"class_list":["post-6998","page","type-page","status-publish","hentry"],"jetpack_sharing_enabled":true,"_links":{"self":[{"href":"https:\/\/eletrobrasinnovationgrid.com\/en\/wp-json\/wp\/v2\/pages\/6998","targetHints":{"allow":["GET"]}}],"collection":[{"href":"https:\/\/eletrobrasinnovationgrid.com\/en\/wp-json\/wp\/v2\/pages"}],"about":[{"href":"https:\/\/eletrobrasinnovationgrid.com\/en\/wp-json\/wp\/v2\/types\/page"}],"author":[{"embeddable":true,"href":"https:\/\/eletrobrasinnovationgrid.com\/en\/wp-json\/wp\/v2\/users\/4"}],"replies":[{"embeddable":true,"href":"https:\/\/eletrobrasinnovationgrid.com\/en\/wp-json\/wp\/v2\/comments?post=6998"}],"version-history":[{"count":0,"href":"https:\/\/eletrobrasinnovationgrid.com\/en\/wp-json\/wp\/v2\/pages\/6998\/revisions"}],"wp:attachment":[{"href":"https:\/\/eletrobrasinnovationgrid.com\/en\/wp-json\/wp\/v2\/media?parent=6998"}],"curies":[{"name":"wp","href":"https:\/\/api.w.org\/{rel}","templated":true}]}}