{"id":9791,"date":"2023-09-14T15:39:31","date_gmt":"2023-09-14T15:39:31","guid":{"rendered":"https:\/\/eletrobrasinnovationgrid.com\/?page_id=9791"},"modified":"2023-09-14T17:15:16","modified_gmt":"2023-09-14T17:15:16","slug":"navarrah-energy-risk-rating-automatico-para-comercializacao-de-energia","status":"publish","type":"page","link":"https:\/\/eletrobrasinnovationgrid.com\/en\/navarrah-energy-risk-rating-automatico-para-comercializacao-de-energia\/","title":{"rendered":"Navarrah Energy Risk \u2013 Rating Autom\u00e1tico para Comercializa\u00e7\u00e3o de Energia"},"content":{"rendered":"<div data-elementor-type=\"wp-page\" data-elementor-id=\"9791\" class=\"elementor elementor-9791\">\n\t\t\t\t\t\t<section class=\"elementor-section elementor-top-section elementor-element elementor-element-0ec0ae1 elementor-section-boxed elementor-section-height-default elementor-section-height-default wpr-particle-no wpr-jarallax-no wpr-parallax-no wpr-sticky-section-no wpr-equal-height-no\" data-id=\"0ec0ae1\" data-element_type=\"section\" data-e-type=\"section\" data-settings=\"{&quot;background_background&quot;:&quot;classic&quot;}\">\n\t\t\t\t\t\t<div class=\"elementor-container elementor-column-gap-default\">\n\t\t\t\t\t<div class=\"elementor-column elementor-col-100 elementor-top-column elementor-element elementor-element-2ac78d8\" data-id=\"2ac78d8\" data-element_type=\"column\" data-e-type=\"column\">\n\t\t\t<div class=\"elementor-widget-wrap\">\n\t\t\t\t\t\t\t<\/div>\n\t\t<\/div>\n\t\t\t\t\t<\/div>\n\t\t<\/section>\n\t\t\t\t<section class=\"elementor-section elementor-top-section elementor-element elementor-element-2c87945 elementor-section-full_width elementor-section-height-default elementor-section-height-default wpr-particle-no wpr-jarallax-no wpr-parallax-no wpr-sticky-section-no wpr-equal-height-no\" data-id=\"2c87945\" data-element_type=\"section\" data-e-type=\"section\" data-settings=\"{&quot;background_background&quot;:&quot;classic&quot;,&quot;shape_divider_top&quot;:&quot;curve-asymmetrical&quot;,&quot;shape_divider_top_negative&quot;:&quot;yes&quot;,&quot;shape_divider_bottom&quot;:&quot;waves&quot;}\">\n\t\t\t\t\t<div class=\"elementor-shape elementor-shape-top\" aria-hidden=\"true\" data-negative=\"true\">\n\t\t\t<svg xmlns=\"http:\/\/www.w3.org\/2000\/svg\" viewbox=\"0 0 1000 100\" preserveaspectratio=\"none\">\n\t<path class=\"elementor-shape-fill\" d=\"M615.2,96.7C240.2,97.8,0,18.9,0,0v100h1000V0C1000,19.2,989.8,96,615.2,96.7z\"\/>\n<\/svg>\t\t<\/div>\n\t\t\t\t<div class=\"elementor-shape elementor-shape-bottom\" aria-hidden=\"true\" data-negative=\"false\">\n\t\t\t<svg xmlns=\"http:\/\/www.w3.org\/2000\/svg\" viewbox=\"0 0 1000 100\" preserveaspectratio=\"none\">\n\t<path class=\"elementor-shape-fill\" d=\"M421.9,6.5c22.6-2.5,51.5,0.4,75.5,5.3c23.6,4.9,70.9,23.5,100.5,35.7c75.8,32.2,133.7,44.5,192.6,49.7\tc23.6,2.1,48.7,3.5,103.4-2.5c54.7-6,106.2-25.6,106.2-25.6V0H0v30.3c0,0,72,32.6,158.4,30.5c39.2-0.7,92.8-6.7,134-22.4\tc21.2-8.1,52.2-18.2,79.7-24.2C399.3,7.9,411.6,7.5,421.9,6.5z\"\/>\n<\/svg>\t\t<\/div>\n\t\t\t\t\t<div class=\"elementor-container elementor-column-gap-default\">\n\t\t\t\t\t<div class=\"elementor-column elementor-col-100 elementor-top-column elementor-element elementor-element-6a0cded\" data-id=\"6a0cded\" data-element_type=\"column\" data-e-type=\"column\">\n\t\t\t<div class=\"elementor-widget-wrap elementor-element-populated\">\n\t\t\t\t\t\t<div class=\"elementor-element elementor-element-7a1a85b elementor-widget elementor-widget-page-title\" data-id=\"7a1a85b\" data-element_type=\"widget\" data-e-type=\"widget\" data-settings=\"{&quot;align&quot;:&quot;center&quot;}\" data-widget_type=\"page-title.default\">\n\t\t\t\t<div class=\"elementor-widget-container\">\n\t\t\t\t\t\t\t\n\t\t<div class=\"hfe-page-title hfe-page-title-wrapper elementor-widget-heading\">\n\n\t\t\t\t\t\t\t\t\t\t\t<a href=\"https:\/\/eletrobrasinnovationgrid.com\/en\">\n\t\t\t\t\t\t<h1 class=\"elementor-heading-title elementor-size-default\">\n\t\t\t\t\t\t\t\t\n\t\t\t\tNavarrah Energy Risk \u2013 Rating Autom\u00e1tico para Comercializa\u00e7\u00e3o de Energia  \n\t\t\t<\/h1> \n\t\t\t\t\t\t\t\t\t<\/a>\n\t\t\t\t\t<\/div>\n\t\t\t\t\t\t<\/div>\n\t\t\t\t<\/div>\n\t\t\t\t\t<\/div>\n\t\t<\/div>\n\t\t\t\t\t<\/div>\n\t\t<\/section>\n\t\t\t\t<section class=\"elementor-section elementor-top-section elementor-element elementor-element-0ba17e6 elementor-section-full_width elementor-section-height-default elementor-section-height-default wpr-particle-no wpr-jarallax-no wpr-parallax-no wpr-sticky-section-no wpr-equal-height-no\" data-id=\"0ba17e6\" data-element_type=\"section\" data-e-type=\"section\">\n\t\t\t\t\t\t<div class=\"elementor-container elementor-column-gap-default\">\n\t\t\t\t\t<div class=\"elementor-column elementor-col-50 elementor-top-column elementor-element elementor-element-3a60dc9\" data-id=\"3a60dc9\" data-element_type=\"column\" data-e-type=\"column\">\n\t\t\t<div class=\"elementor-widget-wrap elementor-element-populated\">\n\t\t\t\t\t\t<div class=\"elementor-element elementor-element-35a7b0a elementor-widget elementor-widget-heading\" data-id=\"35a7b0a\" data-element_type=\"widget\" data-e-type=\"widget\" data-widget_type=\"heading.default\">\n\t\t\t\t<div class=\"elementor-widget-container\">\n\t\t\t\t\t<h2 class=\"elementor-heading-title elementor-size-default\">Description<\/h2>\t\t\t\t<\/div>\n\t\t\t\t<\/div>\n\t\t\t\t<div class=\"elementor-element elementor-element-bd2b8bc elementor-widget elementor-widget-text-editor\" data-id=\"bd2b8bc\" data-element_type=\"widget\" data-e-type=\"widget\" data-widget_type=\"text-editor.default\">\n\t\t\t\t<div class=\"elementor-widget-container\">\n\t\t\t\t\t\t\t\t\t<p>&#8211; Avalia\u00e7\u00e3o automatizada e gera\u00e7\u00e3o de rating de contrapartes para comercializa\u00e7\u00e3o de energia.<br \/>&#8211; Plataforma que automatiza o processo de avalia\u00e7\u00e3o e gera\u00e7\u00e3o de rating de contrapartes para comercializa\u00e7\u00e3o de energia.<br \/>&#8211; Atrav\u00e9s desta plataforma a Eletrobras agiliza o processo de tomada de decis\u00e3o da opera\u00e7\u00e3o de comercializa\u00e7\u00e3o e venda de energia, calculando o n\u00edvel de risco e rating do agente de contraparte de forma automatizada, analisando bancos de dados p\u00fablicos (Receita Federal, CCEE, ANEEL e outros) e os dados dos balan\u00e7os em PDF de Auditorias Independentes.<br \/>&#8211; O produto foi desenvolvido do zero em parceria com a Startup NavarrahTech, performando a solu\u00e7\u00e3o em menos de seis meses a partir do conhecimento e participa\u00e7\u00e3o ativa das equipes de Inova\u00e7\u00e3o e de Comercializa\u00e7\u00e3o das empresas Eletrobras.<\/p>\t\t\t\t\t\t\t\t<\/div>\n\t\t\t\t<\/div>\n\t\t\t\t\t<\/div>\n\t\t<\/div>\n\t\t\t\t<div class=\"elementor-column elementor-col-50 elementor-top-column elementor-element elementor-element-c84dfa2\" data-id=\"c84dfa2\" data-element_type=\"column\" data-e-type=\"column\">\n\t\t\t<div class=\"elementor-widget-wrap elementor-element-populated\">\n\t\t\t\t\t\t<div class=\"elementor-element elementor-element-e37588f elementor-widget elementor-widget-video\" data-id=\"e37588f\" data-element_type=\"widget\" data-e-type=\"widget\" data-settings=\"{&quot;video_type&quot;:&quot;hosted&quot;,&quot;controls&quot;:&quot;yes&quot;}\" data-widget_type=\"video.default\">\n\t\t\t\t<div class=\"elementor-widget-container\">\n\t\t\t\t\t\t\t<div class=\"e-hosted-video elementor-wrapper elementor-open-inline\">\n\t\t\t\t\t<video class=\"elementor-video\" src=\"https:\/\/eletrobrasinnovationgrid.com\/wp-content\/uploads\/2023\/09\/Navarrah-Energy-Risk-Rating-Comercializacao-Energia.mp4\" controls=\"\" preload=\"metadata\" controlslist=\"nodownload\"><\/video>\n\t\t\t\t<\/div>\n\t\t\t\t\t\t<\/div>\n\t\t\t\t<\/div>\n\t\t\t\t\t<\/div>\n\t\t<\/div>\n\t\t\t\t\t<\/div>\n\t\t<\/section>\n\t\t\t\t<\/div>","protected":false},"excerpt":{"rendered":"<p>Navarrah Energy Risk \u2013 Rating Autom\u00e1tico para Comercializa\u00e7\u00e3o de Energia Descri\u00e7\u00e3o &#8211; Avalia\u00e7\u00e3o automatizada e gera\u00e7\u00e3o de rating de contrapartes para comercializa\u00e7\u00e3o de energia.&#8211; Plataforma que automatiza o processo de avalia\u00e7\u00e3o e gera\u00e7\u00e3o de rating de contrapartes para comercializa\u00e7\u00e3o de energia.&#8211; Atrav\u00e9s desta plataforma a Eletrobras agiliza o processo de tomada de decis\u00e3o da opera\u00e7\u00e3o de comercializa\u00e7\u00e3o e venda de energia, calculando o n\u00edvel de risco e rating do agente de contraparte de forma automatizada, analisando bancos de dados p\u00fablicos (Receita Federal, CCEE, ANEEL e outros) e os dados dos balan\u00e7os em PDF de Auditorias Independentes.&#8211; O produto foi desenvolvido do zero em parceria com a Startup NavarrahTech, performando a solu\u00e7\u00e3o em menos de seis meses a partir do conhecimento e participa\u00e7\u00e3o ativa das equipes de Inova\u00e7\u00e3o e de Comercializa\u00e7\u00e3o das empresas Eletrobras. https:\/\/eletrobrasinnovationgrid.com\/wp-content\/uploads\/2023\/09\/Navarrah-Energy-Risk-Rating-Comercializacao-Energia.mp4<\/p>","protected":false},"author":4,"featured_media":0,"parent":0,"menu_order":0,"comment_status":"closed","ping_status":"closed","template":"elementor_header_footer","meta":{"footnotes":""},"class_list":["post-9791","page","type-page","status-publish","hentry"],"jetpack_sharing_enabled":true,"_links":{"self":[{"href":"https:\/\/eletrobrasinnovationgrid.com\/en\/wp-json\/wp\/v2\/pages\/9791","targetHints":{"allow":["GET"]}}],"collection":[{"href":"https:\/\/eletrobrasinnovationgrid.com\/en\/wp-json\/wp\/v2\/pages"}],"about":[{"href":"https:\/\/eletrobrasinnovationgrid.com\/en\/wp-json\/wp\/v2\/types\/page"}],"author":[{"embeddable":true,"href":"https:\/\/eletrobrasinnovationgrid.com\/en\/wp-json\/wp\/v2\/users\/4"}],"replies":[{"embeddable":true,"href":"https:\/\/eletrobrasinnovationgrid.com\/en\/wp-json\/wp\/v2\/comments?post=9791"}],"version-history":[{"count":0,"href":"https:\/\/eletrobrasinnovationgrid.com\/en\/wp-json\/wp\/v2\/pages\/9791\/revisions"}],"wp:attachment":[{"href":"https:\/\/eletrobrasinnovationgrid.com\/en\/wp-json\/wp\/v2\/media?parent=9791"}],"curies":[{"name":"wp","href":"https:\/\/api.w.org\/{rel}","templated":true}]}}